{"id":4705,"date":"2018-10-13T20:59:11","date_gmt":"2018-10-13T20:59:11","guid":{"rendered":"https:\/\/movingcamera.de\/?page_id=4705"},"modified":"2024-12-02T04:21:50","modified_gmt":"2024-12-02T04:21:50","slug":"ueber-mich-ersatz","status":"publish","type":"page","link":"https:\/\/movingcamera.de\/?page_id=4705","title":{"rendered":"About Me"},"content":{"rendered":"\t\t<div data-elementor-type=\"wp-post\" data-elementor-id=\"4705\" class=\"elementor elementor-4705\" data-elementor-post-type=\"page\">\n\t\t\t\t\t\t\t\t\t<section class=\"elementor-section elementor-top-section elementor-element elementor-element-b4de808 elementor-section-full_width elementor-section-stretched elementor-section-height-min-height elementor-section-height-default elementor-section-items-middle\" data-id=\"b4de808\" data-element_type=\"section\" data-settings=\"{&quot;background_background&quot;:&quot;classic&quot;,&quot;stretch_section&quot;:&quot;section-stretched&quot;}\">\n\t\t\t\t\t\t\t<div class=\"elementor-background-overlay\"><\/div>\n\t\t\t\t\t\t\t<div class=\"elementor-container elementor-column-gap-no\">\n\t\t\t\t\t<div class=\"elementor-column elementor-col-100 elementor-top-column elementor-element elementor-element-563b343\" data-id=\"563b343\" data-element_type=\"column\">\n\t\t\t<div class=\"elementor-widget-wrap elementor-element-populated\">\n\t\t\t\t\t\t\t\t<div class=\"elementor-element elementor-element-e5edb40 elementor-widget elementor-widget-heading\" data-id=\"e5edb40\" data-element_type=\"widget\" data-widget_type=\"heading.default\">\n\t\t\t\t<div class=\"elementor-widget-container\">\n\t\t\t<h1 class=\"elementor-heading-title elementor-size-default\">MovingCamera<\/h1>\t\t<\/div>\n\t\t\t\t<\/div>\n\t\t\t\t<div class=\"elementor-element elementor-element-498b63f elementor-widget elementor-widget-heading\" data-id=\"498b63f\" data-element_type=\"widget\" data-widget_type=\"heading.default\">\n\t\t\t\t<div class=\"elementor-widget-container\">\n\t\t\t<h2 class=\"elementor-heading-title elementor-size-default\">Photography &amp; travel<br><\/h2>\t\t<\/div>\n\t\t\t\t<\/div>\n\t\t\t\t<div class=\"elementor-element elementor-element-b3f634c elementor-widget elementor-widget-heading\" data-id=\"b3f634c\" data-element_type=\"widget\" data-widget_type=\"heading.default\">\n\t\t\t\t<div class=\"elementor-widget-container\">\n\t\t\t<h2 class=\"elementor-heading-title elementor-size-default\">about me<\/h2>\t\t<\/div>\n\t\t\t\t<\/div>\n\t\t\t\t\t<\/div>\n\t\t<\/div>\n\t\t\t\t\t\t\t<\/div>\n\t\t<\/section>\n\t\t\t\t<section class=\"elementor-section elementor-top-section elementor-element elementor-element-6cc5870c elementor-section-content-middle elementor-section-boxed elementor-section-height-default elementor-section-height-default\" data-id=\"6cc5870c\" data-element_type=\"section\">\n\t\t\t\t\t\t\t<div class=\"elementor-background-overlay\"><\/div>\n\t\t\t\t\t\t\t<div class=\"elementor-container elementor-column-gap-no\">\n\t\t\t\t\t<div class=\"elementor-column elementor-col-50 elementor-top-column elementor-element elementor-element-656e6a2b\" data-id=\"656e6a2b\" data-element_type=\"column\">\n\t\t\t<div class=\"elementor-widget-wrap elementor-element-populated\">\n\t\t\t\t\t\t\t\t<div class=\"elementor-element elementor-element-49292144 elementor-widget elementor-widget-image\" data-id=\"49292144\" data-element_type=\"widget\" data-widget_type=\"image.default\">\n\t\t\t\t<div class=\"elementor-widget-container\">\n\t\t\t\t\t\t\t\t\t\t\t\t\t\t\t<img fetchpriority=\"high\" decoding=\"async\" width=\"2048\" height=\"1365\" src=\"https:\/\/movingcamera.de\/wp-content\/uploads\/2024\/12\/team_nepal_2022-35.jpg\" class=\"elementor-animation-grow attachment-full size-full wp-image-31816\" alt=\"J\u00fcrgen\" srcset=\"https:\/\/movingcamera.de\/wp-content\/uploads\/2024\/12\/team_nepal_2022-35.jpg 2048w, https:\/\/movingcamera.de\/wp-content\/uploads\/2024\/12\/team_nepal_2022-35-300x200.jpg 300w, https:\/\/movingcamera.de\/wp-content\/uploads\/2024\/12\/team_nepal_2022-35-700x466.jpg 700w, https:\/\/movingcamera.de\/wp-content\/uploads\/2024\/12\/team_nepal_2022-35-768x512.jpg 768w, https:\/\/movingcamera.de\/wp-content\/uploads\/2024\/12\/team_nepal_2022-35-1536x1024.jpg 1536w, https:\/\/movingcamera.de\/wp-content\/uploads\/2024\/12\/team_nepal_2022-35-440x293.jpg 440w\" sizes=\"(max-width: 2048px) 100vw, 2048px\" \/>\t\t\t\t\t\t\t\t\t\t\t\t\t\t\t<\/div>\n\t\t\t\t<\/div>\n\t\t\t\t\t<\/div>\n\t\t<\/div>\n\t\t\t\t<div class=\"elementor-column elementor-col-50 elementor-top-column elementor-element elementor-element-7d84a92c\" data-id=\"7d84a92c\" data-element_type=\"column\">\n\t\t\t<div class=\"elementor-widget-wrap elementor-element-populated\">\n\t\t\t\t\t\t\t\t<div class=\"elementor-element elementor-element-7d6fd55c elementor-drop-cap-yes elementor-widget__width-auto elementor-drop-cap-view-default elementor-widget elementor-widget-text-editor\" data-id=\"7d6fd55c\" data-element_type=\"widget\" data-settings=\"{&quot;drop_cap&quot;:&quot;yes&quot;}\" data-widget_type=\"text-editor.default\">\n\t\t\t\t<div class=\"elementor-widget-container\">\n\t\t\t\t\t\t\t<p>In den 80ern entdeckte ich die Fotografie f\u00fcr mich \u2013 zun\u00e4ch als Hobby, das sich schnell zu einer tiefen Leidenschaft entwickelte und mein Leben bis heute pr\u00e4gt. Mit einer analogen Spiegelreflexkamera begann ich, die allt\u00e4glichen Momente des Lebens einzufangen. \u00dcber die Jahre f\u00fchrte mein Anspruch an technische Perfektion von der digitalen Vollformat- fotografie, die ich 2014 aufnahm, schlie\u00dflich 2022 zum Mittelformat, das meiner kreativen Vision und meinem Qualit\u00e4tsanspruch am besten entspricht. Nach ersten Erfahrungen in der Landschafts-, Architektur- und<br \/>Industriefotografie verlagerte ich den Fokus zunehmend auf die Street- und Portr\u00e4tfotografie. In diesen Genres finde ich die M\u00f6glichkeit, in die Kulturen, Traditionen und Lebensweisen der Menschen einzutauchen, denen ich auf meinen Reisen begegne. Meine Fotografien er\u00f6ffnen dem Betrachter Fenster zu fernen Welten, laden ein, die Geschichten anderer Kulturen zu entdecken, und bringen deren Alltagsleben n\u00e4her. Mit Empathie und Offenheit gelingt es, Menschen aus verschiedensten Kulturen zu portr\u00e4tieren und dabei ihren Alltag auf eindrucksvolle Weise zu dokumentieren. Meine Bilder zeichnen sich durch eine kraftvolle Bildsprache aus, die den Betrachter mitten ins Geschehen holen. Sie wecken Neugier, laden zum Nachdenken ein und er\u00f6ffnen neue Perspektiven auf die Welt und Ihre Menschen.<\/p>\t\t\t\t\t\t<\/div>\n\t\t\t\t<\/div>\n\t\t\t\t<div class=\"elementor-element elementor-element-cb67a3d elementor-absolute elementor-widget elementor-widget-image\" data-id=\"cb67a3d\" data-element_type=\"widget\" data-settings=\"{&quot;_position&quot;:&quot;absolute&quot;}\" data-widget_type=\"image.default\">\n\t\t\t\t<div class=\"elementor-widget-container\">\n\t\t\t\t\t\t\t\t\t\t\t\t\t\t\t<img decoding=\"async\" width=\"2048\" height=\"1448\" src=\"https:\/\/movingcamera.de\/wp-content\/uploads\/2024\/12\/j_r_signature-2048x1448.png\" class=\"elementor-animation-grow attachment-2048x2048 size-2048x2048 wp-image-31823\" alt=\"\" srcset=\"https:\/\/movingcamera.de\/wp-content\/uploads\/2024\/12\/j_r_signature-2048x1448.png 2048w, https:\/\/movingcamera.de\/wp-content\/uploads\/2024\/12\/j_r_signature-300x212.png 300w, https:\/\/movingcamera.de\/wp-content\/uploads\/2024\/12\/j_r_signature-700x495.png 700w, https:\/\/movingcamera.de\/wp-content\/uploads\/2024\/12\/j_r_signature-768x543.png 768w, https:\/\/movingcamera.de\/wp-content\/uploads\/2024\/12\/j_r_signature-1536x1086.png 1536w, https:\/\/movingcamera.de\/wp-content\/uploads\/2024\/12\/j_r_signature-440x311.png 440w\" sizes=\"(max-width: 2048px) 100vw, 2048px\" \/>\t\t\t\t\t\t\t\t\t\t\t\t\t\t\t<\/div>\n\t\t\t\t<\/div>\n\t\t\t\t\t<\/div>\n\t\t<\/div>\n\t\t\t\t\t\t\t<\/div>\n\t\t<\/section>\n\t\t\t\t\t\t\t<\/div>\n\t\t","protected":false},"excerpt":{"rendered":"<p>MovingCamera Photography &amp; travel about me In den 80ern entdeckte ich die Fotografie f\u00fcr mich \u2013 zun\u00e4ch als Hobby, das sich schnell zu einer tiefen Leidenschaft entwickelte und mein Leben bis heute pr\u00e4gt. Mit einer analogen Spiegelreflexkamera begann ich, die [&hellip;]<\/p>\n","protected":false},"author":1,"featured_media":0,"parent":2398,"menu_order":0,"comment_status":"closed","ping_status":"closed","template":"","meta":{"footnotes":""},"_links":{"self":[{"href":"https:\/\/movingcamera.de\/index.php?rest_route=\/wp\/v2\/pages\/4705"}],"collection":[{"href":"https:\/\/movingcamera.de\/index.php?rest_route=\/wp\/v2\/pages"}],"about":[{"href":"https:\/\/movingcamera.de\/index.php?rest_route=\/wp\/v2\/types\/page"}],"author":[{"embeddable":true,"href":"https:\/\/movingcamera.de\/index.php?rest_route=\/wp\/v2\/users\/1"}],"replies":[{"embeddable":true,"href":"https:\/\/movingcamera.de\/index.php?rest_route=%2Fwp%2Fv2%2Fcomments&post=4705"}],"version-history":[{"count":458,"href":"https:\/\/movingcamera.de\/index.php?rest_route=\/wp\/v2\/pages\/4705\/revisions"}],"predecessor-version":[{"id":31854,"href":"https:\/\/movingcamera.de\/index.php?rest_route=\/wp\/v2\/pages\/4705\/revisions\/31854"}],"up":[{"embeddable":true,"href":"https:\/\/movingcamera.de\/index.php?rest_route=\/wp\/v2\/pages\/2398"}],"wp:attachment":[{"href":"https:\/\/movingcamera.de\/index.php?rest_route=%2Fwp%2Fv2%2Fmedia&parent=4705"}],"curies":[{"name":"wp","href":"https:\/\/api.w.org\/{rel}","templated":true}]}}