{"id":4466,"date":"2018-10-03T06:56:20","date_gmt":"2018-10-03T06:56:20","guid":{"rendered":"https:\/\/movingcamera.de\/?page_id=4466"},"modified":"2023-02-25T07:16:14","modified_gmt":"2023-02-25T07:16:14","slug":"impressum","status":"publish","type":"page","link":"https:\/\/movingcamera.de\/?page_id=4466","title":{"rendered":"Impressum \/ Disclaimer"},"content":{"rendered":"\t\t<div data-elementor-type=\"wp-post\" data-elementor-id=\"4466\" class=\"elementor elementor-4466\" data-elementor-post-type=\"page\">\n\t\t\t\t\t\t\t\t\t<section class=\"elementor-section elementor-top-section elementor-element elementor-element-949f74d elementor-section-stretched elementor-section-boxed elementor-section-height-default elementor-section-height-default\" data-id=\"949f74d\" data-element_type=\"section\" data-settings=\"{&quot;stretch_section&quot;:&quot;section-stretched&quot;}\">\n\t\t\t\t\t\t<div class=\"elementor-container elementor-column-gap-no\">\n\t\t\t\t\t<div class=\"elementor-column elementor-col-100 elementor-top-column elementor-element elementor-element-2099acd\" data-id=\"2099acd\" data-element_type=\"column\">\n\t\t\t<div class=\"elementor-widget-wrap\">\n\t\t\t\t\t\t\t\t\t<\/div>\n\t\t<\/div>\n\t\t\t\t\t\t\t<\/div>\n\t\t<\/section>\n\t\t\t\t<section class=\"elementor-section elementor-top-section elementor-element elementor-element-fb58b7f elementor-section-boxed elementor-section-height-default elementor-section-height-default\" data-id=\"fb58b7f\" data-element_type=\"section\">\n\t\t\t\t\t\t<div class=\"elementor-container elementor-column-gap-default\">\n\t\t\t\t\t<div class=\"elementor-column elementor-col-100 elementor-top-column elementor-element elementor-element-5c73bef\" data-id=\"5c73bef\" data-element_type=\"column\">\n\t\t\t<div class=\"elementor-widget-wrap elementor-element-populated\">\n\t\t\t\t\t\t\t\t<div class=\"elementor-element elementor-element-9af90c6 elementor-widget elementor-widget-spacer\" data-id=\"9af90c6\" data-element_type=\"widget\" data-widget_type=\"spacer.default\">\n\t\t\t\t<div class=\"elementor-widget-container\">\n\t\t\t\t\t<div class=\"elementor-spacer\">\n\t\t\t<div class=\"elementor-spacer-inner\"><\/div>\n\t\t<\/div>\n\t\t\t\t<\/div>\n\t\t\t\t<\/div>\n\t\t\t\t<div class=\"elementor-element elementor-element-1e2f557 elementor-widget elementor-widget-text-editor\" data-id=\"1e2f557\" data-element_type=\"widget\" data-widget_type=\"text-editor.default\">\n\t\t\t\t<div class=\"elementor-widget-container\">\n\t\t\t\t\t\t\t<p>\u00a0<\/p><h3><span style=\"color: #000000;\">Impressum:<\/span><\/h3><p>MovingCamera<\/p><p>J\u00fcrgen Ringmann<br \/>E-Mail: j.ringmann@movingcamera.de<\/p><p>Verantwortlicher im Sinne der Datenschutz-Grundverordnung sind:\u00a0 \u00a0 \u00a0 \u00a0 \u00a0 \u00a0 \u00a0 \u00a0 \u00a0 \u00a0 \u00a0 \u00a0 \u00a0 \u00a0 \u00a0 \u00a0 \u00a0 \u00a0 \u00a0 \u00a0 \u00a0 \u00a0 \u00a0 \u00a0 \u00a0 \u00a0 \u00a0 \u00a0 \u00a0 \u00a0 \u00a0 \u00a0 \u00a0 \u00a0 \u00a0 \u00a0 \u00a0 \u00a0 \u00a0 \u00a0 \u00a0 \u00a0 \u00a0 \u00a0 \u00a0 \u00a0 \u00a0 \u00a0 \u00a0 \u00a0 \u00a0 \u00a0 \u00a0 \u00a0 \u00a0 \u00a0 \u00a0 \u00a0 \u00a0J\u00fcrgen Ringmann<\/p><p><span style=\"color: black;\">Alternative Streitbeilegung:<\/span><br \/><span style=\"color: black;\">Die Europ\u00e4ische Kommission stellt eine Plattform f\u00fcr die au\u00dfergerichtliche Online-Streitbeilegung (OS-Plattform) bereit, aufrufbar <\/span><span style=\"color: black;\">unter <\/span><a href=\"https:\/\/ec.europa.eu\/odr.\"><span style=\"color: #ff6600;\">https:\/\/ec.europa.eu\/odr.<\/span><\/a><\/p><p><span style=\"color: black;\">Seit 14.05.2020 Mitglied der Initiative &#8222;FairCommerce&#8220;.<\/span><br \/><span style=\"color: black;\">N\u00e4here Informationen hierzu finden Sie unter www.fair-commerce.de.<\/span><\/p>\t\t\t\t\t\t<\/div>\n\t\t\t\t<\/div>\n\t\t\t\t\t<\/div>\n\t\t<\/div>\n\t\t\t\t\t\t\t<\/div>\n\t\t<\/section>\n\t\t\t\t<section class=\"elementor-section elementor-top-section elementor-element elementor-element-5b56b01 elementor-section-boxed elementor-section-height-default elementor-section-height-default\" data-id=\"5b56b01\" data-element_type=\"section\">\n\t\t\t\t\t\t<div class=\"elementor-container elementor-column-gap-default\">\n\t\t\t\t\t<div class=\"elementor-column elementor-col-100 elementor-top-column elementor-element elementor-element-9dbd4cb\" data-id=\"9dbd4cb\" data-element_type=\"column\">\n\t\t\t<div class=\"elementor-widget-wrap elementor-element-populated\">\n\t\t\t\t\t\t\t\t<div class=\"elementor-element elementor-element-e066524 elementor-widget elementor-widget-spacer\" data-id=\"e066524\" data-element_type=\"widget\" data-widget_type=\"spacer.default\">\n\t\t\t\t<div class=\"elementor-widget-container\">\n\t\t\t\t\t<div class=\"elementor-spacer\">\n\t\t\t<div class=\"elementor-spacer-inner\"><\/div>\n\t\t<\/div>\n\t\t\t\t<\/div>\n\t\t\t\t<\/div>\n\t\t\t\t\t<\/div>\n\t\t<\/div>\n\t\t\t\t\t\t\t<\/div>\n\t\t<\/section>\n\t\t\t\t\t\t\t<\/div>\n\t\t","protected":false},"excerpt":{"rendered":"<p>\u00a0 Impressum: MovingCamera J\u00fcrgen RingmannE-Mail: j.ringmann@movingcamera.de Verantwortlicher im Sinne der Datenschutz-Grundverordnung sind:\u00a0 \u00a0 \u00a0 \u00a0 \u00a0 \u00a0 \u00a0 \u00a0 \u00a0 \u00a0 \u00a0 \u00a0 \u00a0 \u00a0 \u00a0 \u00a0 \u00a0 \u00a0 \u00a0 \u00a0 \u00a0 \u00a0 \u00a0 \u00a0 \u00a0 \u00a0 \u00a0 \u00a0 \u00a0 [&hellip;]<\/p>\n","protected":false},"author":1,"featured_media":0,"parent":0,"menu_order":0,"comment_status":"closed","ping_status":"closed","template":"","meta":{"footnotes":""},"_links":{"self":[{"href":"https:\/\/movingcamera.de\/index.php?rest_route=\/wp\/v2\/pages\/4466"}],"collection":[{"href":"https:\/\/movingcamera.de\/index.php?rest_route=\/wp\/v2\/pages"}],"about":[{"href":"https:\/\/movingcamera.de\/index.php?rest_route=\/wp\/v2\/types\/page"}],"author":[{"embeddable":true,"href":"https:\/\/movingcamera.de\/index.php?rest_route=\/wp\/v2\/users\/1"}],"replies":[{"embeddable":true,"href":"https:\/\/movingcamera.de\/index.php?rest_route=%2Fwp%2Fv2%2Fcomments&post=4466"}],"version-history":[{"count":67,"href":"https:\/\/movingcamera.de\/index.php?rest_route=\/wp\/v2\/pages\/4466\/revisions"}],"predecessor-version":[{"id":30533,"href":"https:\/\/movingcamera.de\/index.php?rest_route=\/wp\/v2\/pages\/4466\/revisions\/30533"}],"wp:attachment":[{"href":"https:\/\/movingcamera.de\/index.php?rest_route=%2Fwp%2Fv2%2Fmedia&parent=4466"}],"curies":[{"name":"wp","href":"https:\/\/api.w.org\/{rel}","templated":true}]}}