{"id":32778,"date":"2025-10-09T18:25:57","date_gmt":"2025-10-09T18:25:57","guid":{"rendered":"https:\/\/movingcamera.de\/?page_id=32778"},"modified":"2025-10-10T04:25:30","modified_gmt":"2025-10-10T04:25:30","slug":"hamburg-photowalk-ii","status":"publish","type":"page","link":"https:\/\/movingcamera.de\/?page_id=32778","title":{"rendered":"Hamburg Photowalk II"},"content":{"rendered":"\t\t<div data-elementor-type=\"wp-page\" data-elementor-id=\"32778\" class=\"elementor elementor-32778\" data-elementor-post-type=\"page\">\n\t\t\t\t\t\t\t\t\t<section class=\"elementor-section elementor-top-section elementor-element elementor-element-e6f109d elementor-section-full_width elementor-section-stretched elementor-section-height-min-height elementor-section-height-default elementor-section-items-middle\" data-id=\"e6f109d\" data-element_type=\"section\" data-settings=\"{&quot;background_background&quot;:&quot;classic&quot;,&quot;stretch_section&quot;:&quot;section-stretched&quot;}\">\n\t\t\t\t\t\t\t<div class=\"elementor-background-overlay\"><\/div>\n\t\t\t\t\t\t\t<div class=\"elementor-container elementor-column-gap-no\">\n\t\t\t\t\t<div class=\"elementor-column elementor-col-100 elementor-top-column elementor-element elementor-element-3d0b9f9\" data-id=\"3d0b9f9\" data-element_type=\"column\">\n\t\t\t<div class=\"elementor-widget-wrap elementor-element-populated\">\n\t\t\t\t\t\t\t\t<div class=\"elementor-element elementor-element-de51260 elementor-widget__width-inherit elementor-widget elementor-widget-heading\" data-id=\"de51260\" data-element_type=\"widget\" data-widget_type=\"heading.default\">\n\t\t\t\t<div class=\"elementor-widget-container\">\n\t\t\t<h1 class=\"elementor-heading-title elementor-size-default\">MovingCamera<\/h1>\t\t<\/div>\n\t\t\t\t<\/div>\n\t\t\t\t<div class=\"elementor-element elementor-element-af13769 elementor-widget elementor-widget-heading\" data-id=\"af13769\" data-element_type=\"widget\" data-widget_type=\"heading.default\">\n\t\t\t\t<div class=\"elementor-widget-container\">\n\t\t\t<h2 class=\"elementor-heading-title elementor-size-default\">Photography & travel<\/h2>\t\t<\/div>\n\t\t\t\t<\/div>\n\t\t\t\t\t<\/div>\n\t\t<\/div>\n\t\t\t\t\t\t\t<\/div>\n\t\t<\/section>\n\t\t\t\t<section class=\"elementor-section elementor-top-section elementor-element elementor-element-ad36134 elementor-section-boxed elementor-section-height-default elementor-section-height-default\" data-id=\"ad36134\" data-element_type=\"section\">\n\t\t\t\t\t\t<div class=\"elementor-container elementor-column-gap-default\">\n\t\t\t\t\t<div class=\"elementor-column elementor-col-100 elementor-top-column elementor-element elementor-element-f33ebdf\" data-id=\"f33ebdf\" data-element_type=\"column\">\n\t\t\t<div class=\"elementor-widget-wrap elementor-element-populated\">\n\t\t\t\t\t\t\t\t<div class=\"elementor-element elementor-element-67327c7 elementor-widget elementor-widget-text-editor\" data-id=\"67327c7\" data-element_type=\"widget\" data-widget_type=\"text-editor.default\">\n\t\t\t\t<div class=\"elementor-widget-container\">\n\t\t\t\t\t\t\t<p>\/\/\/ Hamburg Photowalk II\u00a0<\/p>\t\t\t\t\t\t<\/div>\n\t\t\t\t<\/div>\n\t\t\t\t\t<\/div>\n\t\t<\/div>\n\t\t\t\t\t\t\t<\/div>\n\t\t<\/section>\n\t\t\t\t<section class=\"elementor-section elementor-top-section elementor-element elementor-element-8a7ed63 elementor-section-boxed elementor-section-height-default elementor-section-height-default\" data-id=\"8a7ed63\" data-element_type=\"section\">\n\t\t\t\t\t\t<div class=\"elementor-container elementor-column-gap-default\">\n\t\t\t\t\t<div class=\"elementor-column elementor-col-100 elementor-top-column elementor-element elementor-element-8ec4d4c\" data-id=\"8ec4d4c\" data-element_type=\"column\">\n\t\t\t<div class=\"elementor-widget-wrap elementor-element-populated\">\n\t\t\t\t\t\t\t\t<div class=\"elementor-element elementor-element-7c19149 elementor-drop-cap-yes elementor-drop-cap-view-default elementor-widget elementor-widget-text-editor\" data-id=\"7c19149\" data-element_type=\"widget\" data-settings=\"{&quot;drop_cap&quot;:&quot;yes&quot;}\" data-widget_type=\"text-editor.default\">\n\t\t\t\t<div class=\"elementor-widget-container\">\n\t\t\t\t\t\t\t<p class=\"fcx-description-photo fcx-text-break\">Ein gro\u00dfartiges Wochenende in Hamburg bescherte uns bei bestem Wetter einen spannenden und Photowalk durch die Stadt.\u00a0 Daf\u00fcr m\u00f6chte mich nochmals ganz herzlich bei dir, Frank, bedanken. Deine tolle Organisation und souver\u00e4ne Begleitung haben unsere Tour durch die grossartige Stadt, genau wie im letzten Jahr, f\u00fcr mich zu einem echten Highlight gemacht!<br \/>Die inspirierende und harmonische Zeit mit so vielen gro\u00dfartigen Menschen war einfach fantastisch. Ich habe es sehr genossen, neue Bekanntschaften zu schlie\u00dfen und Erfahrungen auszutauschen.<\/p>\t\t\t\t\t\t<\/div>\n\t\t\t\t<\/div>\n\t\t\t\t\t<\/div>\n\t\t<\/div>\n\t\t\t\t\t\t\t<\/div>\n\t\t<\/section>\n\t\t\t\t<section class=\"elementor-section elementor-top-section elementor-element elementor-element-8c0d5bd elementor-section-boxed elementor-section-height-default elementor-section-height-default\" data-id=\"8c0d5bd\" data-element_type=\"section\">\n\t\t\t\t\t\t<div class=\"elementor-container elementor-column-gap-default\">\n\t\t\t\t\t<div class=\"elementor-column elementor-col-100 elementor-top-column elementor-element elementor-element-c7d7354\" data-id=\"c7d7354\" data-element_type=\"column\">\n\t\t\t<div class=\"elementor-widget-wrap elementor-element-populated\">\n\t\t\t\t\t\t\t\t<div class=\"elementor-element elementor-element-7ec272f elementor-widget elementor-widget-image\" data-id=\"7ec272f\" data-element_type=\"widget\" data-widget_type=\"image.default\">\n\t\t\t\t<div class=\"elementor-widget-container\">\n\t\t\t\t\t\t\t\t\t\t\t\t\t\t\t<img fetchpriority=\"high\" decoding=\"async\" width=\"1920\" height=\"1080\" src=\"https:\/\/movingcamera.de\/wp-content\/uploads\/2025\/10\/DSF8082-s-16-9.jpg\" class=\"attachment-full size-full wp-image-32843\" alt=\"\" srcset=\"https:\/\/movingcamera.de\/wp-content\/uploads\/2025\/10\/DSF8082-s-16-9.jpg 1920w, https:\/\/movingcamera.de\/wp-content\/uploads\/2025\/10\/DSF8082-s-16-9-300x169.jpg 300w, https:\/\/movingcamera.de\/wp-content\/uploads\/2025\/10\/DSF8082-s-16-9-700x394.jpg 700w, https:\/\/movingcamera.de\/wp-content\/uploads\/2025\/10\/DSF8082-s-16-9-768x432.jpg 768w, https:\/\/movingcamera.de\/wp-content\/uploads\/2025\/10\/DSF8082-s-16-9-1536x864.jpg 1536w, https:\/\/movingcamera.de\/wp-content\/uploads\/2025\/10\/DSF8082-s-16-9-440x248.jpg 440w\" sizes=\"(max-width: 1920px) 100vw, 1920px\" \/>\t\t\t\t\t\t\t\t\t\t\t\t\t\t\t<\/div>\n\t\t\t\t<\/div>\n\t\t\t\t\t<\/div>\n\t\t<\/div>\n\t\t\t\t\t\t\t<\/div>\n\t\t<\/section>\n\t\t\t\t<section class=\"elementor-section elementor-top-section elementor-element elementor-element-d0cb696 elementor-section-boxed elementor-section-height-default elementor-section-height-default\" data-id=\"d0cb696\" data-element_type=\"section\">\n\t\t\t\t\t\t<div class=\"elementor-container elementor-column-gap-default\">\n\t\t\t\t\t<div class=\"elementor-column elementor-col-100 elementor-top-column elementor-element elementor-element-dfcdd8b\" data-id=\"dfcdd8b\" data-element_type=\"column\">\n\t\t\t<div class=\"elementor-widget-wrap elementor-element-populated\">\n\t\t\t\t\t\t\t\t<div class=\"elementor-element elementor-element-5ec8d0a elementor-widget elementor-widget-image\" data-id=\"5ec8d0a\" data-element_type=\"widget\" data-widget_type=\"image.default\">\n\t\t\t\t<div class=\"elementor-widget-container\">\n\t\t\t\t\t\t\t\t\t\t\t\t\t\t\t<img decoding=\"async\" width=\"1920\" height=\"1440\" src=\"https:\/\/movingcamera.de\/wp-content\/uploads\/2025\/10\/DSF0183-1-s.jpg\" class=\"attachment-full size-full wp-image-32806\" alt=\"\" srcset=\"https:\/\/movingcamera.de\/wp-content\/uploads\/2025\/10\/DSF0183-1-s.jpg 1920w, https:\/\/movingcamera.de\/wp-content\/uploads\/2025\/10\/DSF0183-1-s-300x225.jpg 300w, https:\/\/movingcamera.de\/wp-content\/uploads\/2025\/10\/DSF0183-1-s-700x525.jpg 700w, https:\/\/movingcamera.de\/wp-content\/uploads\/2025\/10\/DSF0183-1-s-768x576.jpg 768w, https:\/\/movingcamera.de\/wp-content\/uploads\/2025\/10\/DSF0183-1-s-1536x1152.jpg 1536w, https:\/\/movingcamera.de\/wp-content\/uploads\/2025\/10\/DSF0183-1-s-440x330.jpg 440w\" sizes=\"(max-width: 1920px) 100vw, 1920px\" \/>\t\t\t\t\t\t\t\t\t\t\t\t\t\t\t<\/div>\n\t\t\t\t<\/div>\n\t\t\t\t<div class=\"elementor-element elementor-element-277447d elementor-widget elementor-widget-image\" data-id=\"277447d\" data-element_type=\"widget\" data-widget_type=\"image.default\">\n\t\t\t\t<div class=\"elementor-widget-container\">\n\t\t\t\t\t\t\t\t\t\t\t\t\t\t\t<img decoding=\"async\" width=\"1920\" height=\"2560\" src=\"https:\/\/movingcamera.de\/wp-content\/uploads\/2025\/10\/DSF0017-1-s.jpg\" class=\"attachment-full size-full wp-image-32784\" alt=\"\" srcset=\"https:\/\/movingcamera.de\/wp-content\/uploads\/2025\/10\/DSF0017-1-s.jpg 1920w, https:\/\/movingcamera.de\/wp-content\/uploads\/2025\/10\/DSF0017-1-s-225x300.jpg 225w, https:\/\/movingcamera.de\/wp-content\/uploads\/2025\/10\/DSF0017-1-s-700x933.jpg 700w, https:\/\/movingcamera.de\/wp-content\/uploads\/2025\/10\/DSF0017-1-s-768x1024.jpg 768w, https:\/\/movingcamera.de\/wp-content\/uploads\/2025\/10\/DSF0017-1-s-1152x1536.jpg 1152w, https:\/\/movingcamera.de\/wp-content\/uploads\/2025\/10\/DSF0017-1-s-1536x2048.jpg 1536w, https:\/\/movingcamera.de\/wp-content\/uploads\/2025\/10\/DSF0017-1-s-440x587.jpg 440w\" sizes=\"(max-width: 1920px) 100vw, 1920px\" \/>\t\t\t\t\t\t\t\t\t\t\t\t\t\t\t<\/div>\n\t\t\t\t<\/div>\n\t\t\t\t<div class=\"elementor-element elementor-element-6f57ec5 elementor-widget elementor-widget-image\" data-id=\"6f57ec5\" data-element_type=\"widget\" data-widget_type=\"image.default\">\n\t\t\t\t<div class=\"elementor-widget-container\">\n\t\t\t\t\t\t\t\t\t\t\t\t\t\t\t<img loading=\"lazy\" decoding=\"async\" width=\"1920\" height=\"1421\" src=\"https:\/\/movingcamera.de\/wp-content\/uploads\/2025\/10\/DSF0218-1-s.jpg\" class=\"attachment-full size-full wp-image-32809\" alt=\"\" srcset=\"https:\/\/movingcamera.de\/wp-content\/uploads\/2025\/10\/DSF0218-1-s.jpg 1920w, https:\/\/movingcamera.de\/wp-content\/uploads\/2025\/10\/DSF0218-1-s-300x222.jpg 300w, https:\/\/movingcamera.de\/wp-content\/uploads\/2025\/10\/DSF0218-1-s-700x518.jpg 700w, https:\/\/movingcamera.de\/wp-content\/uploads\/2025\/10\/DSF0218-1-s-768x568.jpg 768w, https:\/\/movingcamera.de\/wp-content\/uploads\/2025\/10\/DSF0218-1-s-1536x1137.jpg 1536w, https:\/\/movingcamera.de\/wp-content\/uploads\/2025\/10\/DSF0218-1-s-440x326.jpg 440w\" sizes=\"(max-width: 1920px) 100vw, 1920px\" \/>\t\t\t\t\t\t\t\t\t\t\t\t\t\t\t<\/div>\n\t\t\t\t<\/div>\n\t\t\t\t<div class=\"elementor-element elementor-element-f235de6 elementor-widget elementor-widget-image\" data-id=\"f235de6\" data-element_type=\"widget\" data-widget_type=\"image.default\">\n\t\t\t\t<div class=\"elementor-widget-container\">\n\t\t\t\t\t\t\t\t\t\t\t\t\t\t\t<img loading=\"lazy\" decoding=\"async\" width=\"1920\" height=\"1440\" src=\"https:\/\/movingcamera.de\/wp-content\/uploads\/2025\/10\/DSF0220-1-s.jpg\" class=\"attachment-full size-full wp-image-32810\" alt=\"\" srcset=\"https:\/\/movingcamera.de\/wp-content\/uploads\/2025\/10\/DSF0220-1-s.jpg 1920w, https:\/\/movingcamera.de\/wp-content\/uploads\/2025\/10\/DSF0220-1-s-300x225.jpg 300w, https:\/\/movingcamera.de\/wp-content\/uploads\/2025\/10\/DSF0220-1-s-700x525.jpg 700w, https:\/\/movingcamera.de\/wp-content\/uploads\/2025\/10\/DSF0220-1-s-768x576.jpg 768w, https:\/\/movingcamera.de\/wp-content\/uploads\/2025\/10\/DSF0220-1-s-1536x1152.jpg 1536w, https:\/\/movingcamera.de\/wp-content\/uploads\/2025\/10\/DSF0220-1-s-440x330.jpg 440w\" sizes=\"(max-width: 1920px) 100vw, 1920px\" \/>\t\t\t\t\t\t\t\t\t\t\t\t\t\t\t<\/div>\n\t\t\t\t<\/div>\n\t\t\t\t<div class=\"elementor-element elementor-element-ba3b643 elementor-widget elementor-widget-image\" data-id=\"ba3b643\" data-element_type=\"widget\" data-widget_type=\"image.default\">\n\t\t\t\t<div class=\"elementor-widget-container\">\n\t\t\t\t\t\t\t\t\t\t\t\t\t\t\t<img loading=\"lazy\" decoding=\"async\" width=\"1920\" height=\"1440\" src=\"https:\/\/movingcamera.de\/wp-content\/uploads\/2025\/10\/DSF0120-1-s.jpg\" class=\"attachment-full size-full wp-image-32804\" alt=\"\" srcset=\"https:\/\/movingcamera.de\/wp-content\/uploads\/2025\/10\/DSF0120-1-s.jpg 1920w, https:\/\/movingcamera.de\/wp-content\/uploads\/2025\/10\/DSF0120-1-s-300x225.jpg 300w, https:\/\/movingcamera.de\/wp-content\/uploads\/2025\/10\/DSF0120-1-s-700x525.jpg 700w, https:\/\/movingcamera.de\/wp-content\/uploads\/2025\/10\/DSF0120-1-s-768x576.jpg 768w, https:\/\/movingcamera.de\/wp-content\/uploads\/2025\/10\/DSF0120-1-s-1536x1152.jpg 1536w, https:\/\/movingcamera.de\/wp-content\/uploads\/2025\/10\/DSF0120-1-s-440x330.jpg 440w\" sizes=\"(max-width: 1920px) 100vw, 1920px\" \/>\t\t\t\t\t\t\t\t\t\t\t\t\t\t\t<\/div>\n\t\t\t\t<\/div>\n\t\t\t\t<div class=\"elementor-element elementor-element-5023caa elementor-widget elementor-widget-image\" data-id=\"5023caa\" data-element_type=\"widget\" data-widget_type=\"image.default\">\n\t\t\t\t<div class=\"elementor-widget-container\">\n\t\t\t\t\t\t\t\t\t\t\t\t\t\t\t<img loading=\"lazy\" decoding=\"async\" width=\"1920\" height=\"1080\" src=\"https:\/\/movingcamera.de\/wp-content\/uploads\/2025\/10\/DSF0115-1-s-sw.jpg\" class=\"attachment-full size-full wp-image-32803\" alt=\"\" srcset=\"https:\/\/movingcamera.de\/wp-content\/uploads\/2025\/10\/DSF0115-1-s-sw.jpg 1920w, https:\/\/movingcamera.de\/wp-content\/uploads\/2025\/10\/DSF0115-1-s-sw-300x169.jpg 300w, https:\/\/movingcamera.de\/wp-content\/uploads\/2025\/10\/DSF0115-1-s-sw-700x394.jpg 700w, https:\/\/movingcamera.de\/wp-content\/uploads\/2025\/10\/DSF0115-1-s-sw-768x432.jpg 768w, https:\/\/movingcamera.de\/wp-content\/uploads\/2025\/10\/DSF0115-1-s-sw-1536x864.jpg 1536w, https:\/\/movingcamera.de\/wp-content\/uploads\/2025\/10\/DSF0115-1-s-sw-440x248.jpg 440w\" sizes=\"(max-width: 1920px) 100vw, 1920px\" \/>\t\t\t\t\t\t\t\t\t\t\t\t\t\t\t<\/div>\n\t\t\t\t<\/div>\n\t\t\t\t<div class=\"elementor-element elementor-element-87e388b elementor-widget elementor-widget-image\" data-id=\"87e388b\" data-element_type=\"widget\" data-widget_type=\"image.default\">\n\t\t\t\t<div class=\"elementor-widget-container\">\n\t\t\t\t\t\t\t\t\t\t\t\t\t\t\t<img loading=\"lazy\" decoding=\"async\" width=\"1920\" height=\"1453\" src=\"https:\/\/movingcamera.de\/wp-content\/uploads\/2025\/10\/DSF0051-1-s.jpg\" class=\"attachment-full size-full wp-image-32795\" alt=\"\" srcset=\"https:\/\/movingcamera.de\/wp-content\/uploads\/2025\/10\/DSF0051-1-s.jpg 1920w, https:\/\/movingcamera.de\/wp-content\/uploads\/2025\/10\/DSF0051-1-s-300x227.jpg 300w, https:\/\/movingcamera.de\/wp-content\/uploads\/2025\/10\/DSF0051-1-s-700x530.jpg 700w, https:\/\/movingcamera.de\/wp-content\/uploads\/2025\/10\/DSF0051-1-s-768x581.jpg 768w, https:\/\/movingcamera.de\/wp-content\/uploads\/2025\/10\/DSF0051-1-s-1536x1162.jpg 1536w, https:\/\/movingcamera.de\/wp-content\/uploads\/2025\/10\/DSF0051-1-s-440x333.jpg 440w\" sizes=\"(max-width: 1920px) 100vw, 1920px\" \/>\t\t\t\t\t\t\t\t\t\t\t\t\t\t\t<\/div>\n\t\t\t\t<\/div>\n\t\t\t\t<div class=\"elementor-element elementor-element-d0b51e4 elementor-widget elementor-widget-image\" data-id=\"d0b51e4\" data-element_type=\"widget\" data-widget_type=\"image.default\">\n\t\t\t\t<div class=\"elementor-widget-container\">\n\t\t\t\t\t\t\t\t\t\t\t\t\t\t\t<img loading=\"lazy\" decoding=\"async\" width=\"1920\" height=\"1466\" src=\"https:\/\/movingcamera.de\/wp-content\/uploads\/2025\/10\/DSF0058-1-s.jpg\" class=\"attachment-full size-full wp-image-32796\" alt=\"\" srcset=\"https:\/\/movingcamera.de\/wp-content\/uploads\/2025\/10\/DSF0058-1-s.jpg 1920w, https:\/\/movingcamera.de\/wp-content\/uploads\/2025\/10\/DSF0058-1-s-300x229.jpg 300w, https:\/\/movingcamera.de\/wp-content\/uploads\/2025\/10\/DSF0058-1-s-700x534.jpg 700w, https:\/\/movingcamera.de\/wp-content\/uploads\/2025\/10\/DSF0058-1-s-768x586.jpg 768w, https:\/\/movingcamera.de\/wp-content\/uploads\/2025\/10\/DSF0058-1-s-1536x1173.jpg 1536w, https:\/\/movingcamera.de\/wp-content\/uploads\/2025\/10\/DSF0058-1-s-440x336.jpg 440w\" sizes=\"(max-width: 1920px) 100vw, 1920px\" \/>\t\t\t\t\t\t\t\t\t\t\t\t\t\t\t<\/div>\n\t\t\t\t<\/div>\n\t\t\t\t<div class=\"elementor-element elementor-element-55d5835 elementor-widget elementor-widget-image\" data-id=\"55d5835\" data-element_type=\"widget\" data-widget_type=\"image.default\">\n\t\t\t\t<div class=\"elementor-widget-container\">\n\t\t\t\t\t\t\t\t\t\t\t\t\t\t\t<img loading=\"lazy\" decoding=\"async\" width=\"1920\" height=\"1440\" src=\"https:\/\/movingcamera.de\/wp-content\/uploads\/2025\/10\/DSF0107-1-s.jpg\" class=\"attachment-full size-full wp-image-32802\" alt=\"\" srcset=\"https:\/\/movingcamera.de\/wp-content\/uploads\/2025\/10\/DSF0107-1-s.jpg 1920w, https:\/\/movingcamera.de\/wp-content\/uploads\/2025\/10\/DSF0107-1-s-300x225.jpg 300w, https:\/\/movingcamera.de\/wp-content\/uploads\/2025\/10\/DSF0107-1-s-700x525.jpg 700w, https:\/\/movingcamera.de\/wp-content\/uploads\/2025\/10\/DSF0107-1-s-768x576.jpg 768w, https:\/\/movingcamera.de\/wp-content\/uploads\/2025\/10\/DSF0107-1-s-1536x1152.jpg 1536w, https:\/\/movingcamera.de\/wp-content\/uploads\/2025\/10\/DSF0107-1-s-440x330.jpg 440w\" sizes=\"(max-width: 1920px) 100vw, 1920px\" \/>\t\t\t\t\t\t\t\t\t\t\t\t\t\t\t<\/div>\n\t\t\t\t<\/div>\n\t\t\t\t<div class=\"elementor-element elementor-element-a8aeebd elementor-widget elementor-widget-image\" data-id=\"a8aeebd\" data-element_type=\"widget\" data-widget_type=\"image.default\">\n\t\t\t\t<div class=\"elementor-widget-container\">\n\t\t\t\t\t\t\t\t\t\t\t\t\t\t\t<img loading=\"lazy\" decoding=\"async\" width=\"1920\" height=\"1464\" src=\"https:\/\/movingcamera.de\/wp-content\/uploads\/2025\/10\/DSF0039-1-s.jpg\" class=\"attachment-full size-full wp-image-32790\" alt=\"\" srcset=\"https:\/\/movingcamera.de\/wp-content\/uploads\/2025\/10\/DSF0039-1-s.jpg 1920w, https:\/\/movingcamera.de\/wp-content\/uploads\/2025\/10\/DSF0039-1-s-300x229.jpg 300w, https:\/\/movingcamera.de\/wp-content\/uploads\/2025\/10\/DSF0039-1-s-700x534.jpg 700w, https:\/\/movingcamera.de\/wp-content\/uploads\/2025\/10\/DSF0039-1-s-768x586.jpg 768w, https:\/\/movingcamera.de\/wp-content\/uploads\/2025\/10\/DSF0039-1-s-1536x1171.jpg 1536w, https:\/\/movingcamera.de\/wp-content\/uploads\/2025\/10\/DSF0039-1-s-440x336.jpg 440w\" sizes=\"(max-width: 1920px) 100vw, 1920px\" \/>\t\t\t\t\t\t\t\t\t\t\t\t\t\t\t<\/div>\n\t\t\t\t<\/div>\n\t\t\t\t<div class=\"elementor-element elementor-element-bb53d35 elementor-widget elementor-widget-image\" data-id=\"bb53d35\" data-element_type=\"widget\" data-widget_type=\"image.default\">\n\t\t\t\t<div class=\"elementor-widget-container\">\n\t\t\t\t\t\t\t\t\t\t\t\t\t\t\t<img loading=\"lazy\" decoding=\"async\" width=\"1920\" height=\"1440\" src=\"https:\/\/movingcamera.de\/wp-content\/uploads\/2025\/10\/DSF0067-1-s.jpg\" class=\"attachment-full size-full wp-image-32797\" alt=\"\" srcset=\"https:\/\/movingcamera.de\/wp-content\/uploads\/2025\/10\/DSF0067-1-s.jpg 1920w, https:\/\/movingcamera.de\/wp-content\/uploads\/2025\/10\/DSF0067-1-s-300x225.jpg 300w, https:\/\/movingcamera.de\/wp-content\/uploads\/2025\/10\/DSF0067-1-s-700x525.jpg 700w, https:\/\/movingcamera.de\/wp-content\/uploads\/2025\/10\/DSF0067-1-s-768x576.jpg 768w, https:\/\/movingcamera.de\/wp-content\/uploads\/2025\/10\/DSF0067-1-s-1536x1152.jpg 1536w, https:\/\/movingcamera.de\/wp-content\/uploads\/2025\/10\/DSF0067-1-s-440x330.jpg 440w\" sizes=\"(max-width: 1920px) 100vw, 1920px\" \/>\t\t\t\t\t\t\t\t\t\t\t\t\t\t\t<\/div>\n\t\t\t\t<\/div>\n\t\t\t\t<div class=\"elementor-element elementor-element-7dadffd elementor-widget elementor-widget-image\" data-id=\"7dadffd\" data-element_type=\"widget\" data-widget_type=\"image.default\">\n\t\t\t\t<div class=\"elementor-widget-container\">\n\t\t\t\t\t\t\t\t\t\t\t\t\t\t\t<img loading=\"lazy\" decoding=\"async\" width=\"1920\" height=\"1440\" src=\"https:\/\/movingcamera.de\/wp-content\/uploads\/2025\/10\/DSF0069-1-s.jpg\" class=\"attachment-full size-full wp-image-32798\" alt=\"\" srcset=\"https:\/\/movingcamera.de\/wp-content\/uploads\/2025\/10\/DSF0069-1-s.jpg 1920w, https:\/\/movingcamera.de\/wp-content\/uploads\/2025\/10\/DSF0069-1-s-300x225.jpg 300w, https:\/\/movingcamera.de\/wp-content\/uploads\/2025\/10\/DSF0069-1-s-700x525.jpg 700w, https:\/\/movingcamera.de\/wp-content\/uploads\/2025\/10\/DSF0069-1-s-768x576.jpg 768w, https:\/\/movingcamera.de\/wp-content\/uploads\/2025\/10\/DSF0069-1-s-1536x1152.jpg 1536w, https:\/\/movingcamera.de\/wp-content\/uploads\/2025\/10\/DSF0069-1-s-440x330.jpg 440w\" sizes=\"(max-width: 1920px) 100vw, 1920px\" \/>\t\t\t\t\t\t\t\t\t\t\t\t\t\t\t<\/div>\n\t\t\t\t<\/div>\n\t\t\t\t<div class=\"elementor-element elementor-element-1aa5634 elementor-widget elementor-widget-image\" data-id=\"1aa5634\" data-element_type=\"widget\" data-widget_type=\"image.default\">\n\t\t\t\t<div class=\"elementor-widget-container\">\n\t\t\t\t\t\t\t\t\t\t\t\t\t\t\t<img loading=\"lazy\" decoding=\"async\" width=\"1920\" height=\"1440\" src=\"https:\/\/movingcamera.de\/wp-content\/uploads\/2025\/10\/DSF0040-1-s.jpg\" class=\"attachment-full size-full wp-image-32791\" alt=\"\" srcset=\"https:\/\/movingcamera.de\/wp-content\/uploads\/2025\/10\/DSF0040-1-s.jpg 1920w, https:\/\/movingcamera.de\/wp-content\/uploads\/2025\/10\/DSF0040-1-s-300x225.jpg 300w, https:\/\/movingcamera.de\/wp-content\/uploads\/2025\/10\/DSF0040-1-s-700x525.jpg 700w, https:\/\/movingcamera.de\/wp-content\/uploads\/2025\/10\/DSF0040-1-s-768x576.jpg 768w, https:\/\/movingcamera.de\/wp-content\/uploads\/2025\/10\/DSF0040-1-s-1536x1152.jpg 1536w, https:\/\/movingcamera.de\/wp-content\/uploads\/2025\/10\/DSF0040-1-s-440x330.jpg 440w\" sizes=\"(max-width: 1920px) 100vw, 1920px\" \/>\t\t\t\t\t\t\t\t\t\t\t\t\t\t\t<\/div>\n\t\t\t\t<\/div>\n\t\t\t\t<div class=\"elementor-element elementor-element-f8c7bd3 elementor-widget elementor-widget-image\" data-id=\"f8c7bd3\" data-element_type=\"widget\" data-widget_type=\"image.default\">\n\t\t\t\t<div class=\"elementor-widget-container\">\n\t\t\t\t\t\t\t\t\t\t\t\t\t\t\t<img loading=\"lazy\" decoding=\"async\" width=\"1920\" height=\"1438\" src=\"https:\/\/movingcamera.de\/wp-content\/uploads\/2025\/10\/DSF0209-1-s.jpg\" class=\"attachment-full size-full wp-image-32808\" alt=\"\" srcset=\"https:\/\/movingcamera.de\/wp-content\/uploads\/2025\/10\/DSF0209-1-s.jpg 1920w, https:\/\/movingcamera.de\/wp-content\/uploads\/2025\/10\/DSF0209-1-s-300x225.jpg 300w, https:\/\/movingcamera.de\/wp-content\/uploads\/2025\/10\/DSF0209-1-s-700x524.jpg 700w, https:\/\/movingcamera.de\/wp-content\/uploads\/2025\/10\/DSF0209-1-s-768x575.jpg 768w, https:\/\/movingcamera.de\/wp-content\/uploads\/2025\/10\/DSF0209-1-s-1536x1150.jpg 1536w, https:\/\/movingcamera.de\/wp-content\/uploads\/2025\/10\/DSF0209-1-s-440x330.jpg 440w\" sizes=\"(max-width: 1920px) 100vw, 1920px\" \/>\t\t\t\t\t\t\t\t\t\t\t\t\t\t\t<\/div>\n\t\t\t\t<\/div>\n\t\t\t\t\t<\/div>\n\t\t<\/div>\n\t\t\t\t\t\t\t<\/div>\n\t\t<\/section>\n\t\t\t\t<section class=\"elementor-section elementor-top-section elementor-element elementor-element-ec044b1 elementor-section-boxed elementor-section-height-default elementor-section-height-default\" data-id=\"ec044b1\" data-element_type=\"section\">\n\t\t\t\t\t\t<div class=\"elementor-container elementor-column-gap-default\">\n\t\t\t\t\t<div class=\"elementor-column elementor-col-100 elementor-top-column elementor-element elementor-element-251cbe4\" data-id=\"251cbe4\" data-element_type=\"column\">\n\t\t\t<div class=\"elementor-widget-wrap elementor-element-populated\">\n\t\t\t\t\t\t\t\t<div class=\"elementor-element elementor-element-1caac4c elementor-widget elementor-widget-spacer\" data-id=\"1caac4c\" data-element_type=\"widget\" data-widget_type=\"spacer.default\">\n\t\t\t\t<div class=\"elementor-widget-container\">\n\t\t\t\t\t<div class=\"elementor-spacer\">\n\t\t\t<div class=\"elementor-spacer-inner\"><\/div>\n\t\t<\/div>\n\t\t\t\t<\/div>\n\t\t\t\t<\/div>\n\t\t\t\t<div class=\"elementor-element elementor-element-d5f1226 elementor-widget elementor-widget-heading\" data-id=\"d5f1226\" data-element_type=\"widget\" data-widget_type=\"heading.default\">\n\t\t\t\t<div class=\"elementor-widget-container\">\n\t\t\t<h2 class=\"elementor-heading-title elementor-size-default\">weitere Bilder folgen..............<\/h2>\t\t<\/div>\n\t\t\t\t<\/div>\n\t\t\t\t\t<\/div>\n\t\t<\/div>\n\t\t\t\t\t\t\t<\/div>\n\t\t<\/section>\n\t\t\t\t<section class=\"elementor-section elementor-top-section elementor-element elementor-element-90ac335 elementor-section-boxed elementor-section-height-default elementor-section-height-default\" data-id=\"90ac335\" data-element_type=\"section\">\n\t\t\t\t\t\t<div class=\"elementor-container elementor-column-gap-default\">\n\t\t\t\t\t<div class=\"elementor-column elementor-col-100 elementor-top-column elementor-element elementor-element-9906143\" data-id=\"9906143\" data-element_type=\"column\">\n\t\t\t<div class=\"elementor-widget-wrap\">\n\t\t\t\t\t\t\t\t\t<\/div>\n\t\t<\/div>\n\t\t\t\t\t\t\t<\/div>\n\t\t<\/section>\n\t\t\t\t\t\t\t<\/div>\n\t\t","protected":false},"excerpt":{"rendered":"<p>MovingCamera Photography &#038; travel \/\/\/ Hamburg Photowalk II\u00a0 Ein gro\u00dfartiges Wochenende in Hamburg bescherte uns bei bestem Wetter einen spannenden und Photowalk durch die Stadt.\u00a0 Daf\u00fcr m\u00f6chte mich nochmals ganz herzlich bei dir, Frank, bedanken. Deine tolle Organisation und souver\u00e4ne [&hellip;]<\/p>\n","protected":false},"author":2,"featured_media":0,"parent":0,"menu_order":0,"comment_status":"closed","ping_status":"closed","template":"","meta":{"footnotes":""},"_links":{"self":[{"href":"https:\/\/movingcamera.de\/index.php?rest_route=\/wp\/v2\/pages\/32778"}],"collection":[{"href":"https:\/\/movingcamera.de\/index.php?rest_route=\/wp\/v2\/pages"}],"about":[{"href":"https:\/\/movingcamera.de\/index.php?rest_route=\/wp\/v2\/types\/page"}],"author":[{"embeddable":true,"href":"https:\/\/movingcamera.de\/index.php?rest_route=\/wp\/v2\/users\/2"}],"replies":[{"embeddable":true,"href":"https:\/\/movingcamera.de\/index.php?rest_route=%2Fwp%2Fv2%2Fcomments&post=32778"}],"version-history":[{"count":24,"href":"https:\/\/movingcamera.de\/index.php?rest_route=\/wp\/v2\/pages\/32778\/revisions"}],"predecessor-version":[{"id":32870,"href":"https:\/\/movingcamera.de\/index.php?rest_route=\/wp\/v2\/pages\/32778\/revisions\/32870"}],"wp:attachment":[{"href":"https:\/\/movingcamera.de\/index.php?rest_route=%2Fwp%2Fv2%2Fmedia&parent=32778"}],"curies":[{"name":"wp","href":"https:\/\/api.w.org\/{rel}","templated":true}]}}