{"id":30997,"date":"2023-05-13T02:53:46","date_gmt":"2023-05-13T02:53:46","guid":{"rendered":"https:\/\/movingcamera.de\/?page_id=30997"},"modified":"2025-08-26T02:45:00","modified_gmt":"2025-08-26T02:45:00","slug":"cars","status":"publish","type":"page","link":"https:\/\/movingcamera.de\/?page_id=30997","title":{"rendered":"Classic Cars"},"content":{"rendered":"\t\t<div data-elementor-type=\"wp-page\" data-elementor-id=\"30997\" class=\"elementor elementor-30997\" data-elementor-post-type=\"page\">\n\t\t\t\t\t\t\t\t\t<section class=\"elementor-section elementor-top-section elementor-element elementor-element-bae14d8 elementor-section-full_width elementor-section-stretched elementor-section-height-min-height elementor-section-height-default elementor-section-items-middle\" data-id=\"bae14d8\" data-element_type=\"section\" data-settings=\"{&quot;background_background&quot;:&quot;classic&quot;,&quot;stretch_section&quot;:&quot;section-stretched&quot;}\">\n\t\t\t\t\t\t\t<div class=\"elementor-background-overlay\"><\/div>\n\t\t\t\t\t\t\t<div class=\"elementor-container elementor-column-gap-no\">\n\t\t\t\t\t<div class=\"elementor-column elementor-col-100 elementor-top-column elementor-element elementor-element-e97594e\" data-id=\"e97594e\" data-element_type=\"column\">\n\t\t\t<div class=\"elementor-widget-wrap elementor-element-populated\">\n\t\t\t\t\t\t\t\t<div class=\"elementor-element elementor-element-bbf83fd elementor-widget elementor-widget-heading\" data-id=\"bbf83fd\" data-element_type=\"widget\" data-widget_type=\"heading.default\">\n\t\t\t\t<div class=\"elementor-widget-container\">\n\t\t\t<h1 class=\"elementor-heading-title elementor-size-default\">MovingCamera<\/h1>\t\t<\/div>\n\t\t\t\t<\/div>\n\t\t\t\t<div class=\"elementor-element elementor-element-dac9831 elementor-widget elementor-widget-heading\" data-id=\"dac9831\" data-element_type=\"widget\" data-widget_type=\"heading.default\">\n\t\t\t\t<div class=\"elementor-widget-container\">\n\t\t\t<h2 class=\"elementor-heading-title elementor-size-default\">Photography &amp; Travel<\/h2>\t\t<\/div>\n\t\t\t\t<\/div>\n\t\t\t\t<div class=\"elementor-element elementor-element-a151698 elementor-widget elementor-widget-heading\" data-id=\"a151698\" data-element_type=\"widget\" data-widget_type=\"heading.default\">\n\t\t\t\t<div class=\"elementor-widget-container\">\n\t\t\t<h2 class=\"elementor-heading-title elementor-size-default\">Classic Cars<\/h2>\t\t<\/div>\n\t\t\t\t<\/div>\n\t\t\t\t\t<\/div>\n\t\t<\/div>\n\t\t\t\t\t\t\t<\/div>\n\t\t<\/section>\n\t\t\t\t<section class=\"elementor-section elementor-top-section elementor-element elementor-element-d00a950 elementor-section-boxed elementor-section-height-default elementor-section-height-default\" data-id=\"d00a950\" data-element_type=\"section\">\n\t\t\t\t\t\t<div class=\"elementor-container elementor-column-gap-default\">\n\t\t\t\t\t<div class=\"elementor-column elementor-col-100 elementor-top-column elementor-element elementor-element-db8e65d\" data-id=\"db8e65d\" data-element_type=\"column\">\n\t\t\t<div class=\"elementor-widget-wrap elementor-element-populated\">\n\t\t\t\t\t\t\t\t<div class=\"elementor-element elementor-element-63e1d3f elementor-drop-cap-yes elementor-drop-cap-view-default elementor-widget elementor-widget-text-editor\" data-id=\"63e1d3f\" data-element_type=\"widget\" data-settings=\"{&quot;drop_cap&quot;:&quot;yes&quot;}\" data-widget_type=\"text-editor.default\">\n\t\t\t\t<div class=\"elementor-widget-container\">\n\t\t\t\t\t\t\t<p>Besondere Highlights \u00fcber meine ganze Reise hinweg, waren die Oldsmobile \u2013 traumhafte Klassiker aus den 50er und 60er Jahren. Diese Automobile die an eine \u00c4ra erinnern, die den American Way of Life gepr\u00e4gt hat. Der unverwechselbare Charme dieser Classics sind f\u00fcr mich bis heute, Meisterwerke der Automobilgeschichte. Sie strahlen Charakter aus und erz\u00e4hlen Geschichten, die tief in der amerikanischen Kultur verwurzelt sind.<br \/><br \/>Im Ged\u00e4chtnis geblieben ist mir nicht nur mir der Anblick eines 1964er Mercury Montclair in San Francisco, der vor dieser anmutigen Hausfassade parkte. Seine eleganten Linien, die nostalgische Ausstrahlung und vor allem auch sein Farbkleid, lie\u00dfen mein Herz h\u00f6her schlagen. Dieser Moment transportierte mich zur\u00fcck in die Zeit, als mein Vater in den 70ern und 80ern einen Lincoln Continental Mark IV fuhr. Ich erinnere mich noch an die Bewunderung, die ich f\u00fcr dieses Auto empfand, und vielleicht war es dieser Funke, der meine Leidenschaft f\u00fcr diese amerikanischen Wagen \u00fcberhaupt erst entfachte.<\/p><p>\u00a0<\/p>\t\t\t\t\t\t<\/div>\n\t\t\t\t<\/div>\n\t\t\t\t\t<\/div>\n\t\t<\/div>\n\t\t\t\t\t\t\t<\/div>\n\t\t<\/section>\n\t\t\t\t<section class=\"elementor-section elementor-top-section elementor-element elementor-element-577a804 elementor-section-stretched elementor-section-boxed elementor-section-height-default elementor-section-height-default\" data-id=\"577a804\" data-element_type=\"section\" data-settings=\"{&quot;stretch_section&quot;:&quot;section-stretched&quot;}\">\n\t\t\t\t\t\t<div class=\"elementor-container elementor-column-gap-default\">\n\t\t\t\t\t<div class=\"elementor-column elementor-col-100 elementor-top-column elementor-element elementor-element-913bc84\" data-id=\"913bc84\" data-element_type=\"column\">\n\t\t\t<div class=\"elementor-widget-wrap elementor-element-populated\">\n\t\t\t\t\t\t\t\t<div class=\"elementor-element elementor-element-23a921c elementor-widget elementor-widget-image-gallery\" data-id=\"23a921c\" data-element_type=\"widget\" data-widget_type=\"image-gallery.default\">\n\t\t\t\t<div class=\"elementor-widget-container\">\n\t\t\t\t\t<div class=\"elementor-image-gallery\">\n\t\t\t\n\t\t<style type=\"text\/css\">\n\t\t\t#gallery-1 {\n\t\t\t\tmargin: auto;\n\t\t\t}\n\t\t\t#gallery-1 .gallery-item {\n\t\t\t\tfloat: left;\n\t\t\t\tmargin-top: 10px;\n\t\t\t\ttext-align: center;\n\t\t\t\twidth: 100%;\n\t\t\t}\n\t\t\t#gallery-1 img {\n\t\t\t\tborder: 2px solid #cfcfcf;\n\t\t\t}\n\t\t\t#gallery-1 .gallery-caption {\n\t\t\t\tmargin-left: 0;\n\t\t\t}\n\t\t\t\/* see gallery_shortcode() in wp-includes\/media.php *\/\n\t\t<\/style>\n\t\t<div id='gallery-1' class='gallery galleryid-30997 gallery-columns-1 gallery-size-2048x2048'><dl class='gallery-item'>\n\t\t\t<dt class='gallery-icon landscape'>\n\t\t\t\t<img fetchpriority=\"high\" decoding=\"async\" width=\"2048\" height=\"1367\" src=\"https:\/\/movingcamera.de\/wp-content\/uploads\/2025\/07\/750_8805-5-s-2048x1367.jpg\" class=\"attachment-2048x2048 size-2048x2048\" alt=\"\" srcset=\"https:\/\/movingcamera.de\/wp-content\/uploads\/2025\/07\/750_8805-5-s-2048x1367.jpg 2048w, https:\/\/movingcamera.de\/wp-content\/uploads\/2025\/07\/750_8805-5-s-300x200.jpg 300w, https:\/\/movingcamera.de\/wp-content\/uploads\/2025\/07\/750_8805-5-s-700x466.jpg 700w, https:\/\/movingcamera.de\/wp-content\/uploads\/2025\/07\/750_8805-5-s-768x513.jpg 768w, https:\/\/movingcamera.de\/wp-content\/uploads\/2025\/07\/750_8805-5-s-1536x1025.jpg 1536w, https:\/\/movingcamera.de\/wp-content\/uploads\/2025\/07\/750_8805-5-s-440x294.jpg 440w\" sizes=\"(max-width: 2048px) 100vw, 2048px\" \/>\n\t\t\t<\/dt><\/dl><br style=\"clear: both\" \/><dl class='gallery-item'>\n\t\t\t<dt class='gallery-icon landscape'>\n\t\t\t\t<img decoding=\"async\" width=\"2048\" height=\"1123\" src=\"https:\/\/movingcamera.de\/wp-content\/uploads\/2025\/07\/750_8811-2-s-2048x1123.jpg\" class=\"attachment-2048x2048 size-2048x2048\" alt=\"\" srcset=\"https:\/\/movingcamera.de\/wp-content\/uploads\/2025\/07\/750_8811-2-s-2048x1123.jpg 2048w, https:\/\/movingcamera.de\/wp-content\/uploads\/2025\/07\/750_8811-2-s-300x165.jpg 300w, https:\/\/movingcamera.de\/wp-content\/uploads\/2025\/07\/750_8811-2-s-700x384.jpg 700w, https:\/\/movingcamera.de\/wp-content\/uploads\/2025\/07\/750_8811-2-s-768x421.jpg 768w, https:\/\/movingcamera.de\/wp-content\/uploads\/2025\/07\/750_8811-2-s-1536x842.jpg 1536w, https:\/\/movingcamera.de\/wp-content\/uploads\/2025\/07\/750_8811-2-s-440x241.jpg 440w\" sizes=\"(max-width: 2048px) 100vw, 2048px\" \/>\n\t\t\t<\/dt><\/dl><br style=\"clear: both\" \/><dl class='gallery-item'>\n\t\t\t<dt class='gallery-icon landscape'>\n\t\t\t\t<img decoding=\"async\" width=\"2048\" height=\"1313\" src=\"https:\/\/movingcamera.de\/wp-content\/uploads\/2025\/08\/750_1610-5-s-2048x1313.jpg\" class=\"attachment-2048x2048 size-2048x2048\" alt=\"750_1610-5-s\" srcset=\"https:\/\/movingcamera.de\/wp-content\/uploads\/2025\/08\/750_1610-5-s-2048x1313.jpg 2048w, https:\/\/movingcamera.de\/wp-content\/uploads\/2025\/08\/750_1610-5-s-300x192.jpg 300w, https:\/\/movingcamera.de\/wp-content\/uploads\/2025\/08\/750_1610-5-s-700x449.jpg 700w, https:\/\/movingcamera.de\/wp-content\/uploads\/2025\/08\/750_1610-5-s-768x493.jpg 768w, https:\/\/movingcamera.de\/wp-content\/uploads\/2025\/08\/750_1610-5-s-1536x985.jpg 1536w, https:\/\/movingcamera.de\/wp-content\/uploads\/2025\/08\/750_1610-5-s-440x282.jpg 440w\" sizes=\"(max-width: 2048px) 100vw, 2048px\" \/>\n\t\t\t<\/dt><\/dl><br style=\"clear: both\" \/><dl class='gallery-item'>\n\t\t\t<dt class='gallery-icon landscape'>\n\t\t\t\t<img loading=\"lazy\" decoding=\"async\" width=\"1800\" height=\"1013\" src=\"https:\/\/movingcamera.de\/wp-content\/uploads\/2021\/02\/750_0819-color-16-9.jpg\" class=\"attachment-2048x2048 size-2048x2048\" alt=\"750 0819 color 16 9\" srcset=\"https:\/\/movingcamera.de\/wp-content\/uploads\/2021\/02\/750_0819-color-16-9.jpg 1800w, https:\/\/movingcamera.de\/wp-content\/uploads\/2021\/02\/750_0819-color-16-9-300x169.jpg 300w, https:\/\/movingcamera.de\/wp-content\/uploads\/2021\/02\/750_0819-color-16-9-700x394.jpg 700w, https:\/\/movingcamera.de\/wp-content\/uploads\/2021\/02\/750_0819-color-16-9-768x432.jpg 768w, https:\/\/movingcamera.de\/wp-content\/uploads\/2021\/02\/750_0819-color-16-9-1536x864.jpg 1536w, https:\/\/movingcamera.de\/wp-content\/uploads\/2021\/02\/750_0819-color-16-9-440x248.jpg 440w\" sizes=\"(max-width: 1800px) 100vw, 1800px\" \/>\n\t\t\t<\/dt><\/dl><br style=\"clear: both\" \/><dl class='gallery-item'>\n\t\t\t<dt class='gallery-icon landscape'>\n\t\t\t\t<img loading=\"lazy\" decoding=\"async\" width=\"1700\" height=\"957\" src=\"https:\/\/movingcamera.de\/wp-content\/uploads\/2021\/02\/750_6581-color-16-9.jpg\" class=\"attachment-2048x2048 size-2048x2048\" alt=\"750 6581 color 16 9\" srcset=\"https:\/\/movingcamera.de\/wp-content\/uploads\/2021\/02\/750_6581-color-16-9.jpg 1700w, https:\/\/movingcamera.de\/wp-content\/uploads\/2021\/02\/750_6581-color-16-9-300x169.jpg 300w, https:\/\/movingcamera.de\/wp-content\/uploads\/2021\/02\/750_6581-color-16-9-700x394.jpg 700w, https:\/\/movingcamera.de\/wp-content\/uploads\/2021\/02\/750_6581-color-16-9-768x432.jpg 768w, https:\/\/movingcamera.de\/wp-content\/uploads\/2021\/02\/750_6581-color-16-9-1536x865.jpg 1536w, https:\/\/movingcamera.de\/wp-content\/uploads\/2021\/02\/750_6581-color-16-9-440x248.jpg 440w\" sizes=\"(max-width: 1700px) 100vw, 1700px\" \/>\n\t\t\t<\/dt><\/dl><br style=\"clear: both\" \/><dl class='gallery-item'>\n\t\t\t<dt class='gallery-icon landscape'>\n\t\t\t\t<img loading=\"lazy\" decoding=\"async\" width=\"1920\" height=\"1080\" src=\"https:\/\/movingcamera.de\/wp-content\/uploads\/2025\/07\/4671-1968-Ford-Mercury-Cougar-GT-Kopie-1.jpg\" class=\"attachment-2048x2048 size-2048x2048\" alt=\"\" srcset=\"https:\/\/movingcamera.de\/wp-content\/uploads\/2025\/07\/4671-1968-Ford-Mercury-Cougar-GT-Kopie-1.jpg 1920w, https:\/\/movingcamera.de\/wp-content\/uploads\/2025\/07\/4671-1968-Ford-Mercury-Cougar-GT-Kopie-1-300x169.jpg 300w, https:\/\/movingcamera.de\/wp-content\/uploads\/2025\/07\/4671-1968-Ford-Mercury-Cougar-GT-Kopie-1-700x394.jpg 700w, https:\/\/movingcamera.de\/wp-content\/uploads\/2025\/07\/4671-1968-Ford-Mercury-Cougar-GT-Kopie-1-768x432.jpg 768w, https:\/\/movingcamera.de\/wp-content\/uploads\/2025\/07\/4671-1968-Ford-Mercury-Cougar-GT-Kopie-1-1536x864.jpg 1536w, https:\/\/movingcamera.de\/wp-content\/uploads\/2025\/07\/4671-1968-Ford-Mercury-Cougar-GT-Kopie-1-440x248.jpg 440w\" sizes=\"(max-width: 1920px) 100vw, 1920px\" \/>\n\t\t\t<\/dt><\/dl><br style=\"clear: both\" \/><dl class='gallery-item'>\n\t\t\t<dt class='gallery-icon landscape'>\n\t\t\t\t<img loading=\"lazy\" decoding=\"async\" width=\"1700\" height=\"957\" src=\"https:\/\/movingcamera.de\/wp-content\/uploads\/2021\/02\/750_1594-color-16-9.jpg\" class=\"attachment-2048x2048 size-2048x2048\" alt=\"750 1594 color 16 9\" srcset=\"https:\/\/movingcamera.de\/wp-content\/uploads\/2021\/02\/750_1594-color-16-9.jpg 1700w, https:\/\/movingcamera.de\/wp-content\/uploads\/2021\/02\/750_1594-color-16-9-300x169.jpg 300w, https:\/\/movingcamera.de\/wp-content\/uploads\/2021\/02\/750_1594-color-16-9-700x394.jpg 700w, https:\/\/movingcamera.de\/wp-content\/uploads\/2021\/02\/750_1594-color-16-9-768x432.jpg 768w, https:\/\/movingcamera.de\/wp-content\/uploads\/2021\/02\/750_1594-color-16-9-1536x865.jpg 1536w, https:\/\/movingcamera.de\/wp-content\/uploads\/2021\/02\/750_1594-color-16-9-440x248.jpg 440w\" sizes=\"(max-width: 1700px) 100vw, 1700px\" \/>\n\t\t\t<\/dt><\/dl><br style=\"clear: both\" \/><dl class='gallery-item'>\n\t\t\t<dt class='gallery-icon landscape'>\n\t\t\t\t<img loading=\"lazy\" decoding=\"async\" width=\"2048\" height=\"1141\" src=\"https:\/\/movingcamera.de\/wp-content\/uploads\/2025\/08\/750_7856-3-s-16-9-2-2048x1141.jpg\" class=\"attachment-2048x2048 size-2048x2048\" alt=\"\" srcset=\"https:\/\/movingcamera.de\/wp-content\/uploads\/2025\/08\/750_7856-3-s-16-9-2-2048x1141.jpg 2048w, https:\/\/movingcamera.de\/wp-content\/uploads\/2025\/08\/750_7856-3-s-16-9-2-300x167.jpg 300w, https:\/\/movingcamera.de\/wp-content\/uploads\/2025\/08\/750_7856-3-s-16-9-2-700x390.jpg 700w, https:\/\/movingcamera.de\/wp-content\/uploads\/2025\/08\/750_7856-3-s-16-9-2-768x428.jpg 768w, https:\/\/movingcamera.de\/wp-content\/uploads\/2025\/08\/750_7856-3-s-16-9-2-1536x856.jpg 1536w, https:\/\/movingcamera.de\/wp-content\/uploads\/2025\/08\/750_7856-3-s-16-9-2-440x245.jpg 440w\" sizes=\"(max-width: 2048px) 100vw, 2048px\" \/>\n\t\t\t<\/dt><\/dl><br style=\"clear: both\" \/><dl class='gallery-item'>\n\t\t\t<dt class='gallery-icon landscape'>\n\t\t\t\t<img loading=\"lazy\" decoding=\"async\" width=\"2048\" height=\"1333\" src=\"https:\/\/movingcamera.de\/wp-content\/uploads\/2025\/07\/750_8907-3-s-2048x1333.jpg\" class=\"attachment-2048x2048 size-2048x2048\" alt=\"750_8907-3-s\" srcset=\"https:\/\/movingcamera.de\/wp-content\/uploads\/2025\/07\/750_8907-3-s-2048x1333.jpg 2048w, https:\/\/movingcamera.de\/wp-content\/uploads\/2025\/07\/750_8907-3-s-300x195.jpg 300w, https:\/\/movingcamera.de\/wp-content\/uploads\/2025\/07\/750_8907-3-s-700x456.jpg 700w, https:\/\/movingcamera.de\/wp-content\/uploads\/2025\/07\/750_8907-3-s-768x500.jpg 768w, https:\/\/movingcamera.de\/wp-content\/uploads\/2025\/07\/750_8907-3-s-1536x1000.jpg 1536w, https:\/\/movingcamera.de\/wp-content\/uploads\/2025\/07\/750_8907-3-s-440x286.jpg 440w\" sizes=\"(max-width: 2048px) 100vw, 2048px\" \/>\n\t\t\t<\/dt><\/dl><br style=\"clear: both\" \/><dl class='gallery-item'>\n\t\t\t<dt class='gallery-icon landscape'>\n\t\t\t\t<img loading=\"lazy\" decoding=\"async\" width=\"2048\" height=\"1327\" src=\"https:\/\/movingcamera.de\/wp-content\/uploads\/2025\/08\/750_5558-3-s-2048x1327.jpg\" class=\"attachment-2048x2048 size-2048x2048\" alt=\"750_5558-3 s\" srcset=\"https:\/\/movingcamera.de\/wp-content\/uploads\/2025\/08\/750_5558-3-s-2048x1327.jpg 2048w, https:\/\/movingcamera.de\/wp-content\/uploads\/2025\/08\/750_5558-3-s-300x194.jpg 300w, https:\/\/movingcamera.de\/wp-content\/uploads\/2025\/08\/750_5558-3-s-700x454.jpg 700w, https:\/\/movingcamera.de\/wp-content\/uploads\/2025\/08\/750_5558-3-s-768x498.jpg 768w, https:\/\/movingcamera.de\/wp-content\/uploads\/2025\/08\/750_5558-3-s-1536x996.jpg 1536w, https:\/\/movingcamera.de\/wp-content\/uploads\/2025\/08\/750_5558-3-s-440x285.jpg 440w\" sizes=\"(max-width: 2048px) 100vw, 2048px\" \/>\n\t\t\t<\/dt><\/dl><br style=\"clear: both\" \/><dl class='gallery-item'>\n\t\t\t<dt class='gallery-icon landscape'>\n\t\t\t\t<img loading=\"lazy\" decoding=\"async\" width=\"2048\" height=\"1152\" src=\"https:\/\/movingcamera.de\/wp-content\/uploads\/2025\/07\/750_9448-2-16-9-s-2048x1152.jpg\" class=\"attachment-2048x2048 size-2048x2048\" alt=\"\" srcset=\"https:\/\/movingcamera.de\/wp-content\/uploads\/2025\/07\/750_9448-2-16-9-s-2048x1152.jpg 2048w, https:\/\/movingcamera.de\/wp-content\/uploads\/2025\/07\/750_9448-2-16-9-s-300x169.jpg 300w, https:\/\/movingcamera.de\/wp-content\/uploads\/2025\/07\/750_9448-2-16-9-s-700x394.jpg 700w, https:\/\/movingcamera.de\/wp-content\/uploads\/2025\/07\/750_9448-2-16-9-s-768x432.jpg 768w, https:\/\/movingcamera.de\/wp-content\/uploads\/2025\/07\/750_9448-2-16-9-s-1536x864.jpg 1536w, https:\/\/movingcamera.de\/wp-content\/uploads\/2025\/07\/750_9448-2-16-9-s-440x247.jpg 440w\" sizes=\"(max-width: 2048px) 100vw, 2048px\" \/>\n\t\t\t<\/dt><\/dl><br style=\"clear: both\" \/><dl class='gallery-item'>\n\t\t\t<dt class='gallery-icon landscape'>\n\t\t\t\t<img loading=\"lazy\" decoding=\"async\" width=\"1700\" height=\"957\" src=\"https:\/\/movingcamera.de\/wp-content\/uploads\/2021\/02\/broken-Cadillac-color-16-9.jpg\" class=\"attachment-2048x2048 size-2048x2048\" alt=\"broken Cadillac color 16 9\" srcset=\"https:\/\/movingcamera.de\/wp-content\/uploads\/2021\/02\/broken-Cadillac-color-16-9.jpg 1700w, https:\/\/movingcamera.de\/wp-content\/uploads\/2021\/02\/broken-Cadillac-color-16-9-300x169.jpg 300w, https:\/\/movingcamera.de\/wp-content\/uploads\/2021\/02\/broken-Cadillac-color-16-9-700x394.jpg 700w, https:\/\/movingcamera.de\/wp-content\/uploads\/2021\/02\/broken-Cadillac-color-16-9-768x432.jpg 768w, https:\/\/movingcamera.de\/wp-content\/uploads\/2021\/02\/broken-Cadillac-color-16-9-1536x865.jpg 1536w, https:\/\/movingcamera.de\/wp-content\/uploads\/2021\/02\/broken-Cadillac-color-16-9-440x248.jpg 440w\" sizes=\"(max-width: 1700px) 100vw, 1700px\" \/>\n\t\t\t<\/dt><\/dl><br style=\"clear: both\" \/><dl class='gallery-item'>\n\t\t\t<dt class='gallery-icon landscape'>\n\t\t\t\t<img loading=\"lazy\" decoding=\"async\" width=\"2048\" height=\"1152\" src=\"https:\/\/movingcamera.de\/wp-content\/uploads\/2025\/08\/750_0603-1-16-9-s-2048x1152.jpg\" class=\"attachment-2048x2048 size-2048x2048\" alt=\"750_0603-1-16-9-s\" srcset=\"https:\/\/movingcamera.de\/wp-content\/uploads\/2025\/08\/750_0603-1-16-9-s-2048x1152.jpg 2048w, https:\/\/movingcamera.de\/wp-content\/uploads\/2025\/08\/750_0603-1-16-9-s-300x169.jpg 300w, https:\/\/movingcamera.de\/wp-content\/uploads\/2025\/08\/750_0603-1-16-9-s-700x394.jpg 700w, https:\/\/movingcamera.de\/wp-content\/uploads\/2025\/08\/750_0603-1-16-9-s-768x432.jpg 768w, https:\/\/movingcamera.de\/wp-content\/uploads\/2025\/08\/750_0603-1-16-9-s-1536x864.jpg 1536w, https:\/\/movingcamera.de\/wp-content\/uploads\/2025\/08\/750_0603-1-16-9-s-440x248.jpg 440w\" sizes=\"(max-width: 2048px) 100vw, 2048px\" \/>\n\t\t\t<\/dt><\/dl><br style=\"clear: both\" \/><dl class='gallery-item'>\n\t\t\t<dt class='gallery-icon landscape'>\n\t\t\t\t<img loading=\"lazy\" decoding=\"async\" width=\"2048\" height=\"1152\" src=\"https:\/\/movingcamera.de\/wp-content\/uploads\/2025\/08\/750_8518-1-s-2048x1152.jpg\" class=\"attachment-2048x2048 size-2048x2048\" alt=\"\" srcset=\"https:\/\/movingcamera.de\/wp-content\/uploads\/2025\/08\/750_8518-1-s-2048x1152.jpg 2048w, https:\/\/movingcamera.de\/wp-content\/uploads\/2025\/08\/750_8518-1-s-300x169.jpg 300w, https:\/\/movingcamera.de\/wp-content\/uploads\/2025\/08\/750_8518-1-s-700x394.jpg 700w, https:\/\/movingcamera.de\/wp-content\/uploads\/2025\/08\/750_8518-1-s-768x432.jpg 768w, https:\/\/movingcamera.de\/wp-content\/uploads\/2025\/08\/750_8518-1-s-1536x864.jpg 1536w, https:\/\/movingcamera.de\/wp-content\/uploads\/2025\/08\/750_8518-1-s-440x248.jpg 440w\" sizes=\"(max-width: 2048px) 100vw, 2048px\" \/>\n\t\t\t<\/dt><\/dl><br style=\"clear: both\" \/><dl class='gallery-item'>\n\t\t\t<dt class='gallery-icon landscape'>\n\t\t\t\t<img loading=\"lazy\" decoding=\"async\" width=\"2000\" height=\"899\" src=\"https:\/\/movingcamera.de\/wp-content\/uploads\/2019\/08\/unbenannt-2-2.jpg\" class=\"attachment-2048x2048 size-2048x2048\" alt=\"unbenannt 2 2\" srcset=\"https:\/\/movingcamera.de\/wp-content\/uploads\/2019\/08\/unbenannt-2-2.jpg 2000w, https:\/\/movingcamera.de\/wp-content\/uploads\/2019\/08\/unbenannt-2-2-300x135.jpg 300w, https:\/\/movingcamera.de\/wp-content\/uploads\/2019\/08\/unbenannt-2-2-768x345.jpg 768w, https:\/\/movingcamera.de\/wp-content\/uploads\/2019\/08\/unbenannt-2-2-1024x460.jpg 1024w, https:\/\/movingcamera.de\/wp-content\/uploads\/2019\/08\/unbenannt-2-2-440x198.jpg 440w, https:\/\/movingcamera.de\/wp-content\/uploads\/2019\/08\/unbenannt-2-2-600x270.jpg 600w\" sizes=\"(max-width: 2000px) 100vw, 2000px\" \/>\n\t\t\t<\/dt><\/dl><br style=\"clear: both\" \/>\n\t\t<\/div>\n\t\t<\/div>\n\t\t\t\t<\/div>\n\t\t\t\t<\/div>\n\t\t\t\t<div class=\"elementor-element elementor-element-712b518 elementor-widget elementor-widget-spacer\" data-id=\"712b518\" data-element_type=\"widget\" data-widget_type=\"spacer.default\">\n\t\t\t\t<div class=\"elementor-widget-container\">\n\t\t\t\t\t<div class=\"elementor-spacer\">\n\t\t\t<div class=\"elementor-spacer-inner\"><\/div>\n\t\t<\/div>\n\t\t\t\t<\/div>\n\t\t\t\t<\/div>\n\t\t\t\t\t<\/div>\n\t\t<\/div>\n\t\t\t\t\t\t\t<\/div>\n\t\t<\/section>\n\t\t\t\t\t\t\t<\/div>\n\t\t","protected":false},"excerpt":{"rendered":"<p>MovingCamera Photography &amp; Travel Classic Cars Besondere Highlights \u00fcber meine ganze Reise hinweg, waren die Oldsmobile \u2013 traumhafte Klassiker aus den 50er und 60er Jahren. Diese Automobile die an eine \u00c4ra erinnern, die den American Way of Life gepr\u00e4gt hat. [&hellip;]<\/p>\n","protected":false},"author":2,"featured_media":0,"parent":0,"menu_order":0,"comment_status":"closed","ping_status":"closed","template":"","meta":{"footnotes":""},"_links":{"self":[{"href":"https:\/\/movingcamera.de\/index.php?rest_route=\/wp\/v2\/pages\/30997"}],"collection":[{"href":"https:\/\/movingcamera.de\/index.php?rest_route=\/wp\/v2\/pages"}],"about":[{"href":"https:\/\/movingcamera.de\/index.php?rest_route=\/wp\/v2\/types\/page"}],"author":[{"embeddable":true,"href":"https:\/\/movingcamera.de\/index.php?rest_route=\/wp\/v2\/users\/2"}],"replies":[{"embeddable":true,"href":"https:\/\/movingcamera.de\/index.php?rest_route=%2Fwp%2Fv2%2Fcomments&post=30997"}],"version-history":[{"count":47,"href":"https:\/\/movingcamera.de\/index.php?rest_route=\/wp\/v2\/pages\/30997\/revisions"}],"predecessor-version":[{"id":32709,"href":"https:\/\/movingcamera.de\/index.php?rest_route=\/wp\/v2\/pages\/30997\/revisions\/32709"}],"wp:attachment":[{"href":"https:\/\/movingcamera.de\/index.php?rest_route=%2Fwp%2Fv2%2Fmedia&parent=30997"}],"curies":[{"name":"wp","href":"https:\/\/api.w.org\/{rel}","templated":true}]}}