{"id":10222,"date":"2019-08-17T13:58:57","date_gmt":"2019-08-17T13:58:57","guid":{"rendered":"http:\/\/movingcamera.de\/?page_id=10222"},"modified":"2021-03-09T10:44:00","modified_gmt":"2021-03-09T10:44:00","slug":"agb","status":"publish","type":"page","link":"https:\/\/movingcamera.de\/?page_id=10222","title":{"rendered":"AGB"},"content":{"rendered":"\t\t<div data-elementor-type=\"wp-page\" data-elementor-id=\"10222\" class=\"elementor elementor-10222\" data-elementor-post-type=\"page\">\n\t\t\t\t\t\t\t\t\t<section class=\"elementor-section elementor-top-section elementor-element elementor-element-5227f98 elementor-section-boxed elementor-section-height-default elementor-section-height-default\" data-id=\"5227f98\" data-element_type=\"section\">\n\t\t\t\t\t\t<div class=\"elementor-container elementor-column-gap-default\">\n\t\t\t\t\t<div class=\"elementor-column elementor-col-100 elementor-top-column elementor-element elementor-element-96f13d5\" data-id=\"96f13d5\" data-element_type=\"column\">\n\t\t\t<div class=\"elementor-widget-wrap elementor-element-populated\">\n\t\t\t\t\t\t\t\t<div class=\"elementor-element elementor-element-b92f32f elementor-widget elementor-widget-text-editor\" data-id=\"b92f32f\" data-element_type=\"widget\" data-widget_type=\"text-editor.default\">\n\t\t\t\t<div class=\"elementor-widget-container\">\n\t\t\t\t\t\t\t<p><strong>Allgemeine Gesch\u00e4ftsbedingungen und Kundeninformationen<\/strong><\/p><p><strong>I. Allgemeine Gesch\u00e4ftsbedingungen<\/strong><br \/><strong>\u00a7 1 Grundlegende Bestimmungen<\/strong><\/p><p><strong>(1)<\/strong> Die nachstehenden Gesch\u00e4ftsbedingungen gelten f\u00fcr Vertr\u00e4ge, die Sie mit uns als Anbieter (Mario Carta) \u00fcber die Internetseite<br \/>www.movingcamera.de schlie\u00dfen. Soweit nicht anders vereinbart, wird der Einbeziehung gegebenenfalls von Ihnen verwendeter eigener<br \/>Bedingungen widersprochen.<br \/><strong>(2)<\/strong> Verbraucher im Sinne der nachstehenden Regelungen ist jede nat\u00fcrliche Person, die ein Rechtsgesch\u00e4ft zu Zwecken abschlie\u00dft, die<br \/>\u00fcberwiegend weder ihrer gewerblichen noch ihrer selbst\u00e4ndigen beruflichen T\u00e4tigkeit zugerechnet werden kann. Unternehmer ist jede<br \/>nat\u00fcrliche oder juristische Person oder eine rechtsf\u00e4hige Personengesellschaft, die bei Abschluss eines Rechtsgesch\u00e4fts in Aus\u00fcbung ihrer<br \/>selbst\u00e4ndigen beruflichen oder gewerblichen T\u00e4tigkeit handelt.<\/p><p><strong>\u00a7 2 Zustandekommen des Vertrages<\/strong><\/p><p><strong>(1)<\/strong> Gegenstand des Vertrages ist der Verkauf von Waren .<br \/><strong>(2)<\/strong> Bereits mit dem Einstellen des jeweiligen Produkts auf unserer Internetseite unterbreiten wir Ihnen ein verbindliches Angebot zum<br \/>Abschluss eines Vertrages zu den in der Artikelbeschreibung angegebenen Bedingungen.<br \/><strong>(3)<\/strong> Der Vertrag kommt \u00fcber das Online-Warenkorbsystem wie folgt zustande:<br \/>Die zum Kauf beabsichtigten Waren werden im &#8222;Warenkorb&#8220; abgelegt. \u00dcber die entsprechende Schaltfl\u00e4che in der Navigationsleiste k\u00f6nnen<br \/>Sie den &#8222;Warenkorb&#8220; aufrufen und dort jederzeit \u00c4nderungen vornehmen.<br \/>Nach Aufrufen der Seite &#8222;Kasse&#8220; und der Eingabe der pers\u00f6nlichen Daten sowie der Zahlungs- und Versandbedingungen werden<br \/>abschlie\u00dfend nochmals alle Bestelldaten auf der Bestell\u00fcbersichtsseite angezeigt.<br \/>Soweit Sie als Zahlungsart ein Sofortzahl-System (z.B. PayPal \/ PayPal Express, Amazon-Payments, Sofort) nutzen, werden Sie entweder in<br \/>unserem Online-Shop auf die Bestell\u00fcbersichtsseite gef\u00fchrt oder Sie werden zun\u00e4chst auf die Internetseite des Anbieters des Sofortzahl-<br \/>Systems weitergeleitet.<br \/>Erfolgt die Weiterleitung zu dem jeweiligen Sofortzahl-System, nehmen Sie dort die entsprechende Auswahl bzw. Eingabe Ihrer Daten vor.<br \/>Abschlie\u00dfend werden Sie zur\u00fcck in unseren Online-Shop auf die Bestell\u00fcbersichtsseite geleitet.<br \/>Vor Absenden der Bestellung haben Sie die M\u00f6glichkeit, hier s\u00e4mtliche Angaben nochmals zu \u00fcberpr\u00fcfen, zu \u00e4ndern (auch \u00fcber die<br \/>Funktion \u201ezur\u00fcck&#8220; des Internetbrowsers) bzw. den Kauf abzubrechen.<br \/>Mit dem Absenden der Bestellung \u00fcber die Schaltfl\u00e4che &#8222;kostenpflichtig bestellen&#8220; erkl\u00e4ren Sie rechtsverbindlich die Annahme des<br \/>Angebotes, wodurch der Vertrag zustande kommt.<br \/><strong>(4)<\/strong> Ihre Anfragen zur Erstellung eines Angebotes sind f\u00fcr Sie unverbindlich. Wir unterbreiten Ihnen hierzu ein verbindliches Angebot in<br \/>Textform (z.B. per E-Mail), welches Sie innerhalb von 5 Tagen annehmen k\u00f6nnen.<br \/><strong>(5)<\/strong> Die Abwicklung der Bestellung und \u00dcbermittlung aller im Zusammenhang mit dem Vertragsschluss erforderlichen Informationen erfolgt<br \/>per E-Mail zum Teil automatisiert. Sie haben deshalb sicherzustellen, dass die von Ihnen bei uns hinterlegte E-Mail-Adresse zutreffend ist,<br \/>der Empfang der E-Mails technisch sichergestellt und insbesondere nicht durch SPAM-Filter verhindert wird.<\/p><p><strong>\u00a7 3 Individuell gestaltete Waren<\/strong><\/p><p><strong>(1)<\/strong> Sie stellen uns die f\u00fcr die individuelle Gestaltung der Waren erforderlichen geeigneten Informationen, Texte oder Dateien \u00fcber das<br \/>Online-Bestellsystem oder per E-Mail sp\u00e4testens unverz\u00fcglich nach Vertragsschluss zur Verf\u00fcgung. Unsere etwaigen Vorgaben zu<br \/>Dateiformaten sind zu beachten.<br \/><strong>(2)<\/strong> Sie verpflichten sich, keine Daten zu \u00fcbermitteln, deren Inhalt Rechte Dritter (insbesondere Urheberrechte, Namensrechte,<br \/>Markenrechte) verletzen oder gegen bestehende Gesetze versto\u00dfen. Sie stellen uns ausdr\u00fccklich von s\u00e4mtlichen in diesem<br \/>Zusammenhang geltend gemachten Anspr\u00fcchen Dritter frei. Das betrifft auch die Kosten der in diesem Zusammenhang erforderlichen<br \/>rechtlichen Vertretung.<br \/><strong>(3)<\/strong> Wir nehmen keine Pr\u00fcfung der \u00fcbermittelten Daten auf inhaltliche Richtigkeit vor und \u00fcbernehmen insoweit keine Haftung f\u00fcr Fehler.<\/p><p><strong>\u00a7 4 Zustandekommen des Vertrages bei Kursen<\/strong><\/p><p><strong>(1)<\/strong> Gegenstand des Vertrages ist die Durchf\u00fchrung von Kursen.<br \/>Bereits mit dem Einstellen des jeweiligen Kursangebots auf unserer Internetseite unterbreiten wir Ihnen ein verbindliches Angebot zum<br \/>Abschluss eines Vertrages zu den in der jeweiligen Kursbeschreibung angegebenen Bedingungen.<br \/><strong>(2)<\/strong> Der Vertrag kommt \u00fcber das Online-Warenkorbsystem wie folgt zustande:<br \/>Die zur Buchung beabsichtigten Kurse werden im &#8222;Warenkorb&#8220; abgelegt. \u00dcber die entsprechende Schaltfl\u00e4che in der Navigationsleiste<br \/>k\u00f6nnen Sie den &#8222;Warenkorb&#8220; aufrufen und dort jederzeit \u00c4nderungen vornehmen. Nach Aufrufen der Seite &#8222;Kasse&#8220; und der Eingabe der<br \/>pers\u00f6nlichen Daten sowie der Zahlungsbedingungen werden abschlie\u00dfend nochmals alle Bestelldaten auf der Bestell\u00fcbersichtsseite<br \/>angezeigt.<br \/>Soweit Sie als Zahlungsart ein Sofortzahl-System (z.B. PayPal \/ PayPal Express, Amazon-Payments, Postpay, Sofort) nutzen, werden Sie<br \/>entweder in unserem Online-Shop auf die Bestell\u00fcbersichtsseite gef\u00fchrt oder Sie werden zun\u00e4chst auf die Internetseite des Anbieters des<br \/>Sofortzahl-Systems weitergeleitet.<br \/>Erfolgt die Weiterleitung zu dem jeweiligen Sofortzahl-System, nehmen Sie dort die entsprechende Auswahl bzw. Eingabe Ihrer Daten vor.<br \/>Abschlie\u00dfend werden Sie zur\u00fcck in unseren Online-Shop auf die Bestell\u00fcbersichtsseite geleitet. Vor Absenden der Bestellung haben Sie<br \/>die M\u00f6glichkeit, hier s\u00e4mtliche Angaben nochmals zu \u00fcberpr\u00fcfen, zu \u00e4ndern (auch \u00fcber die Funktion &#8222;zur\u00fcck&#8220; des Internetbrowsers) bzw.<br \/>die Bestellung abzubrechen.<br \/>Mit dem Absenden der Bestellung \u00fcber die entsprechende Schaltfl\u00e4che erkl\u00e4ren Sie rechtsverbindlich die Annahme des Angebotes,<br \/>wodurch der Vertrag zustande kommt.<br \/><strong>(3)<\/strong> Ihre Anfragen zur Erstellung eines Angebotes sind f\u00fcr Sie unverbindlich. Wir unterbreiten Ihnen hierzu ein verbindliches Angebot in<br \/>Textform (z.B. per E-Mail), welches Sie innerhalb von 5 Tagen annehmen k\u00f6nnen.<\/p><p><strong>(4)<\/strong> Die Abwicklung der Bestellung und \u00dcbermittlung aller im Zusammenhang mit dem Vertragsschluss erforderlichen Informationen erfolgt<br \/>per E-Mail zum Teil automatisiert. Sie haben deshalb sicherzustellen, dass die von Ihnen bei uns hinterlegte E-Mail-Adresse zutreffend ist,<br \/>der Empfang der E-Mails technisch sichergestellt und insbesondere nicht durch SPAM-Filter verhindert wird.<\/p><p><strong>\u00a7 5 Leistungserbringung bei Kursen<\/strong><\/p><p><strong>(1)<\/strong> Die Durchf\u00fchrung der Kurse in der in den jeweiligen Angeboten beschriebenen Form erfolgt zu den vereinbarten Terminen.<br \/><strong>(2)<\/strong> Soweit die Durchf\u00fchrung der Kurse von der Teilnehmerzahl abh\u00e4ngig ist, ergibt sich die Mindest-Teilnehmerzahl aus dem jeweiligen<br \/>Angebot.<br \/>Wird die Mindest-Teilnehmerzahl nicht erreicht, informieren wir Sie sp\u00e4testens 7 Tage vor Kursbeginn in Textform (z.B. per E-Mail) \u00fcber das<br \/>Nichtstattfinden des gebuchten Kurses. Gegebenenfalls bereits erbrachte Leistungen werden in diesem Fall unverz\u00fcglich zur\u00fcckerstattet.<br \/><strong>(3)<\/strong> Bei Absage einer Einzel-Veranstaltung aufgrund kurzfristigen Ausfalls des Kursleiters wegen Krankheit oder aus sonstigem wichtigen<br \/>Grund werden die bereits erbrachten Leistungen unverz\u00fcglich zur\u00fcckerstattet.<br \/>Bei Veranstaltungen, die aus mehreren Veranstaltungsterminen bestehen, erfolgt bei Absage eines Termins aufgrund kurzfristigen Ausfalls<br \/>des Kursleiters wegen Krankheit oder aus sonstigem wichtigen Grund die Nachholung des abgesagten Termins an einem Ersatztermin.<br \/><strong>(4)<\/strong> In Zusammenhang mit der Nutzung von Kursr\u00e4umen und Objekten haben Sie die \u00f6rtlich ausliegenden Hausordnungen einzuhalten. Sie<br \/>m\u00fcssen sich an unsere Weisungen bzw. die Weisungen des Kursleiters halten.<\/p><p><strong>\u00a7 6 R\u00fccktritt \/ Stornierung<\/strong><\/p><p><strong>(1)<\/strong> Sie k\u00f6nnen bis zu 10 Tage vor Kursbeginn kostenfrei vom Vertrag zur\u00fccktreten. Der R\u00fccktritt bedarf der Textform (z.B. E-Mail).<br \/>Ma\u00dfgeblicher Zeitpunkt zur Fristwahrung ist der Eingang der R\u00fccktrittserkl\u00e4rung bei uns.<br \/>Weniger als 10 Tage vor Kursbeginn ist der R\u00fccktritt nicht mehr m\u00f6glich.<br \/><strong>(2)<\/strong> Im Falle der Nichtteilnahme oder teilweisen Teilnahme an dem gebuchten Kurs ist keine R\u00fcckerstattung von Kursgeb\u00fchren m\u00f6glich.<br \/><strong>(3)<\/strong> Das gesetzliche Widerrufsrecht wird hierdurch nicht ber\u00fchrt, es besteht unabh\u00e4ngig von dem Bestehen oder Nichtbestehen dieses<br \/>zus\u00e4tzlichen R\u00fccktrittsrechts.<\/p><p><strong>\u00a7 7 Ersatzteilnehmer<\/strong><\/p><p>Sie k\u00f6nnen jederzeit vor Kursbeginn einen Ersatzteilnehmer benennen. F\u00fcr diese Umbuchung entstehen Ihnen keine Kosten.<\/p><p><strong>\u00a7 8 Zur\u00fcckbehaltungsrecht, Eigentumsvorbehalt<\/strong><\/p><p><strong>(1)<\/strong> Ein Zur\u00fcckbehaltungsrecht k\u00f6nnen Sie nur aus\u00fcben, soweit es sich um Forderungen aus demselben Vertragsverh\u00e4ltnis handelt.<br \/><strong>(2)<\/strong> Die Ware bleibt bis zur vollst\u00e4ndigen Zahlung des Kaufpreises unser Eigentum.<\/p><p><strong>\u00a7 9 Gew\u00e4hrleistung<\/strong><\/p><p><strong>(1)<\/strong> Es bestehen die gesetzlichen M\u00e4ngelhaftungsrechte.<br \/><strong>(2)<\/strong> Als Verbraucher werden Sie gebeten, die Sache bei Lieferung umgehend auf Vollst\u00e4ndigkeit, offensichtliche M\u00e4ngel und<br \/>Transportsch\u00e4den zu \u00fcberpr\u00fcfen und uns sowie dem Spediteur Beanstandungen schnellstm\u00f6glich mitzuteilen. Kommen Sie dem nicht nach,<br \/>hat dies keine Auswirkung auf Ihre gesetzlichen Gew\u00e4hrleistungsanspr\u00fcche.<\/p><p><strong>\u00a7 10 Rechtswahl<\/strong><\/p><p><strong>(1)<\/strong> Es gilt deutsches Recht. Bei Verbrauchern gilt diese Rechtswahl nur, soweit hierdurch der durch zwingende Bestimmungen des Rechts<br \/>des Staates des gew\u00f6hnlichen Aufenthaltes des Verbrauchers gew\u00e4hrte Schutz nicht entzogen wird (G\u00fcnstigkeitsprinzip).<br \/><strong>(2)<\/strong> Die Bestimmungen des UN-Kaufrechts finden ausdr\u00fccklich keine Anwendung.<\/p><p><strong>II. Kundeninformationen<\/strong><br \/><strong>1. Identit\u00e4t des Verk\u00e4ufers<\/strong><\/p><p>Mario Carta<br \/>Aplerbecker-Mark-Stra\u00dfe 62<br \/>44287 Dortmund<br \/>Deutschland<br \/>Telefon: 15753655098<br \/>E-Mail: <span style=\"color: #ff6600;\"><a style=\"color: #ff6600;\" href=\"mailto:info@movingcamera.de\">info@movingcamera.de<\/a><\/span><\/p><p><strong>Alternative Streitbeilegung:<\/strong><br \/>Die Europ\u00e4ische Kommission stellt eine Plattform f\u00fcr die au\u00dfergerichtliche Online-Streitbeilegung (OS-Plattform) bereit, aufrufbar unter<br \/><span style=\"color: #ff6600;\"><a style=\"color: #ff6600;\" href=\"https:\/\/ec.europa.eu\/odr.\">https:\/\/ec.europa.eu\/odr<\/a><strong><a style=\"color: #ff6600;\" href=\"https:\/\/ec.europa.eu\/odr.\">.<\/a><\/strong><\/span><\/p><p><strong>2. Informationen zum Zustandekommen des Vertrages<\/strong><\/p><p>Die technischen Schritte zum Vertragsschluss, der Vertragsschluss selbst und die Korrekturm\u00f6glichkeiten erfolgen nach Ma\u00dfgabe der<br \/>Regelungen &#8222;Zustandekommen des Vertrages&#8220; unserer Allgemeinen Gesch\u00e4ftsbedingungen (Teil I.).<\/p><p><strong>3. Vertragssprache, Vertragstextspeicherung<\/strong><\/p><p>3.1. Vertragssprache ist deutsch .<br \/>3.2. Der vollst\u00e4ndige Vertragstext wird von uns nicht gespeichert. Vor Absenden der Bestellung \u00fcber das Online &#8211; Warenkorbsystem<br \/>k\u00f6nnen die Vertragsdaten \u00fcber die Druckfunktion des Browsers ausgedruckt oder elektronisch gesichert werden. Nach Zugang der<br \/>Bestellung bei uns werden die Bestelldaten, die gesetzlich vorgeschriebenen Informationen bei Fernabsatzvertr\u00e4gen und die Allgemeinen<br \/>Gesch\u00e4ftsbedingungen nochmals per E-Mail an Sie \u00fcbersandt.<br \/>3.3. Bei Angebotsanfragen au\u00dferhalb des Online-Warenkorbsystems erhalten Sie alle Vertragsdaten im Rahmen eines verbindlichen<br \/>Angebotes in Textform \u00fcbersandt, z.B. per E-Mail, welche Sie ausdrucken oder elektronisch sichern k\u00f6nnen.<\/p><p><strong>4. Wesentliche Merkmale der Ware oder Dienstleistung<\/strong><\/p><p>Die wesentlichen Merkmale der Ware und\/oder Dienstleistung finden sich im jeweiligen Angebot.<br \/>5. Preise und Zahlungsmodalit\u00e4ten<br \/>5.1. Die in den jeweiligen Angeboten angef\u00fchrten Preise sowie die Versandkosten stellen Gesamtpreise dar. Sie beinhalten alle<br \/>Preisbestandteile einschlie\u00dflich aller anfallenden Steuern.<br \/>5.2. Die anfallenden Versandkosten sind nicht im Kaufpreis enthalten. Sie sind \u00fcber eine entsprechend bezeichnete Schaltfl\u00e4che auf<br \/>unserer Internetpr\u00e4senz oder im jeweiligen Angebot aufrufbar, werden im Laufe des Bestellvorganges gesondert ausgewiesen und sind von<br \/>Ihnen zus\u00e4tzlich zu tragen, soweit nicht die versandkostenfreie Lieferung zugesagt ist.<br \/>5.3. Die Ihnen zur Verf\u00fcgung stehenden Zahlungsarten sind unter einer entsprechend bezeichneten Schaltfl\u00e4che auf unserer<br \/>Internetpr\u00e4senz oder im jeweiligen Angebot ausgewiesen.<br \/>5.4. Soweit bei den einzelnen Zahlungsarten nicht anders angegeben, sind die Zahlungsanspr\u00fcche aus dem geschlossenen Vertrag sofort<br \/>zur Zahlung f\u00e4llig.<br \/>5.5. Soweit nichts anderes vereinbart ist, hat bei Buchung von Kursen die Zahlung sp\u00e4testens am Kurstermin vor Ort vor Beginn des Kurses<br \/>zu erfolgen, ansonsten besteht kein Anspruch auf Teilnahme.<\/p><p><strong>6. Lieferbedingungen<\/strong><\/p><p>6.1. Die Lieferbedingungen, der Liefertermin sowie gegebenenfalls bestehende Lieferbeschr\u00e4nkungen finden sich unter einer<br \/>entsprechend bezeichneten Schaltfl\u00e4che auf unserer Internetpr\u00e4senz oder im jeweiligen Angebot.<br \/>6.2. Soweit Sie Verbraucher sind ist gesetzlich geregelt, dass die Gefahr des zuf\u00e4lligen Untergangs und der zuf\u00e4lligen Verschlechterung der<br \/>verkauften Sache w\u00e4hrend der Versendung erst mit der \u00dcbergabe der Ware an Sie \u00fcbergeht, unabh\u00e4ngig davon, ob die Versendung<br \/>versichert oder unversichert erfolgt. Dies gilt nicht, wenn Sie eigenst\u00e4ndig ein nicht vom Unternehmer benanntes Transportunternehmen<br \/>oder eine sonst zur Ausf\u00fchrung der Versendung bestimmte Person beauftragt haben.<\/p><p><strong>7. Gesetzliches M\u00e4ngelhaftungsrecht<\/strong><\/p><p><br \/>Die M\u00e4ngelhaftung richtet sich nach der Regelung &#8222;Gew\u00e4hrleistung&#8220; in unseren Allgemeinen Gesch\u00e4ftsbedingungen (Teil I).<br \/>Diese AGB und Kundeninformationen wurden von den auf IT-Recht spezialisierten Juristen des H\u00e4ndlerbundes erstellt und werden<br \/>permanent auf Rechtskonformit\u00e4t gepr\u00fcft. Die H\u00e4ndlerbund Management AG garantiert f\u00fcr die Rechtssicherheit der Texte und haftet im<br \/>Falle von Abmahnungen. N\u00e4here Informationen dazu finden Sie unter: <span style=\"color: #ff6600;\"><a style=\"color: #ff6600;\" href=\"https:\/\/www.haendlerbund.de\/agb-service.\">https:\/\/www.haendlerbund.de\/agb-service.<\/a><\/span><br \/>letzte Aktualisierung: 23.10.2019<\/p>\t\t\t\t\t\t<\/div>\n\t\t\t\t<\/div>\n\t\t\t\t\t<\/div>\n\t\t<\/div>\n\t\t\t\t\t\t\t<\/div>\n\t\t<\/section>\n\t\t\t\t<section class=\"elementor-section elementor-top-section elementor-element elementor-element-d70067c elementor-section-stretched elementor-section-full_width elementor-section-height-default elementor-section-height-default\" data-id=\"d70067c\" data-element_type=\"section\" data-settings=\"{&quot;stretch_section&quot;:&quot;section-stretched&quot;}\">\n\t\t\t\t\t\t<div class=\"elementor-container elementor-column-gap-no\">\n\t\t\t\t\t<div class=\"elementor-column elementor-col-100 elementor-top-column elementor-element elementor-element-7a9f4e9\" data-id=\"7a9f4e9\" data-element_type=\"column\">\n\t\t\t<div class=\"elementor-widget-wrap\">\n\t\t\t\t\t\t\t\t\t<\/div>\n\t\t<\/div>\n\t\t\t\t\t\t\t<\/div>\n\t\t<\/section>\n\t\t\t\t\t\t\t<\/div>\n\t\t","protected":false},"excerpt":{"rendered":"<p>Allgemeine Gesch\u00e4ftsbedingungen und Kundeninformationen I. Allgemeine Gesch\u00e4ftsbedingungen\u00a7 1 Grundlegende Bestimmungen (1) Die nachstehenden Gesch\u00e4ftsbedingungen gelten f\u00fcr Vertr\u00e4ge, die Sie mit uns als Anbieter (Mario Carta) \u00fcber die Internetseitewww.movingcamera.de schlie\u00dfen. Soweit nicht anders vereinbart, wird der Einbeziehung gegebenenfalls von Ihnen verwendeter [&hellip;]<\/p>\n","protected":false},"author":2,"featured_media":0,"parent":0,"menu_order":0,"comment_status":"closed","ping_status":"closed","template":"","meta":{"footnotes":""},"_links":{"self":[{"href":"https:\/\/movingcamera.de\/index.php?rest_route=\/wp\/v2\/pages\/10222"}],"collection":[{"href":"https:\/\/movingcamera.de\/index.php?rest_route=\/wp\/v2\/pages"}],"about":[{"href":"https:\/\/movingcamera.de\/index.php?rest_route=\/wp\/v2\/types\/page"}],"author":[{"embeddable":true,"href":"https:\/\/movingcamera.de\/index.php?rest_route=\/wp\/v2\/users\/2"}],"replies":[{"embeddable":true,"href":"https:\/\/movingcamera.de\/index.php?rest_route=%2Fwp%2Fv2%2Fcomments&post=10222"}],"version-history":[{"count":42,"href":"https:\/\/movingcamera.de\/index.php?rest_route=\/wp\/v2\/pages\/10222\/revisions"}],"predecessor-version":[{"id":23546,"href":"https:\/\/movingcamera.de\/index.php?rest_route=\/wp\/v2\/pages\/10222\/revisions\/23546"}],"wp:attachment":[{"href":"https:\/\/movingcamera.de\/index.php?rest_route=%2Fwp%2Fv2%2Fmedia&parent=10222"}],"curies":[{"name":"wp","href":"https:\/\/api.w.org\/{rel}","templated":true}]}}